{"id":837,"date":"2021-09-11T19:00:44","date_gmt":"2021-09-11T17:00:44","guid":{"rendered":"http:\/\/demos.reytheme.com\/newyork\/?page_id=7"},"modified":"2022-01-02T11:28:33","modified_gmt":"2022-01-02T09:28:33","slug":"genesis","status":"publish","type":"page","link":"https:\/\/3dotsparis.com\/en\/genesis\/","title":{"rendered":"GENESIS"},"content":{"rendered":"<div data-elementor-type=\"wp-page\" data-elementor-id=\"837\" class=\"elementor elementor-837\" data-elementor-post-type=\"page\">\n\t\t\t\t\t\t<section class=\"elementor-section elementor-top-section elementor-element elementor-element-6dbdd87 elementor-section-boxed elementor-section-height-default elementor-section-height-default\" data-id=\"6dbdd87\" data-element_type=\"section\" data-e-type=\"section\">\n\t\t\t\t\t\t<div class=\"elementor-container elementor-column-gap-default\">\n\t\t\t\t\t<div class=\"elementor-column elementor-col-100 elementor-top-column elementor-element elementor-element-ae71d7b\" data-id=\"ae71d7b\" data-element_type=\"column\" data-e-type=\"column\">\n\t\t\t<div class=\"elementor-column-wrap--ae71d7b elementor-widget-wrap elementor-element-populated\">\n\t\t\t\t\t\t<div class=\"elementor-element elementor-element-afae285 elementor-widget elementor-widget-spacer\" data-id=\"afae285\" data-element_type=\"widget\" data-e-type=\"widget\" data-widget_type=\"spacer.default\">\n\t\t\t\t<div class=\"elementor-widget-container\">\n\t\t\t\t\t\t\t<div class=\"elementor-spacer\">\n\t\t\t<div class=\"elementor-spacer-inner\"><\/div>\n\t\t<\/div>\n\t\t\t\t\t\t<\/div>\n\t\t\t\t<\/div>\n\t\t\t\t\t<\/div>\n\t\t<\/div>\n\t\t\t\t\t<\/div>\n\t\t<\/section>\n\t\t\t\t<section class=\"elementor-section elementor-top-section elementor-element elementor-element-b7c3084 elementor-section-boxed elementor-section-height-default elementor-section-height-default\" data-id=\"b7c3084\" data-element_type=\"section\" data-e-type=\"section\">\n\t\t\t\t\t\t<div class=\"elementor-container elementor-column-gap-default\">\n\t\t\t\t\t<div class=\"elementor-column elementor-col-100 elementor-top-column elementor-element elementor-element-277fdc4\" data-id=\"277fdc4\" data-element_type=\"column\" data-e-type=\"column\">\n\t\t\t<div class=\"elementor-column-wrap--277fdc4 elementor-widget-wrap elementor-element-populated\">\n\t\t\t\t\t\t<div class=\"elementor-element elementor-element-d775515 elementor-widget elementor-widget-heading\" data-id=\"d775515\" data-element_type=\"widget\" data-e-type=\"widget\" data-widget_type=\"heading.default\">\n\t\t\t\t<div class=\"elementor-widget-container\">\n\t\t\t\t\t<h2 class=\"elementor-heading-title elementor-size-default\">COLLECTION GENESIS 2022<\/h2>\t\t\t\t<\/div>\n\t\t\t\t<\/div>\n\t\t\t\t<div class=\"elementor-element elementor-element-327c096 elementor-widget elementor-widget-heading\" data-id=\"327c096\" data-element_type=\"widget\" data-e-type=\"widget\" data-widget_type=\"heading.default\">\n\t\t\t\t<div class=\"elementor-widget-container\">\n\t\t\t\t\t<div class=\"elementor-heading-title elementor-size-default\">ATTEND THE CREATION OF 3 DOTS PARIS !<\/div>\t\t\t\t<\/div>\n\t\t\t\t<\/div>\n\t\t\t\t\t<\/div>\n\t\t<\/div>\n\t\t\t\t\t<\/div>\n\t\t<\/section>\n\t\t\t\t<section class=\"elementor-section elementor-top-section elementor-element elementor-element-b649bfd elementor-section-boxed elementor-section-height-default elementor-section-height-default\" data-id=\"b649bfd\" data-element_type=\"section\" data-e-type=\"section\">\n\t\t\t\t\t\t<div class=\"elementor-container elementor-column-gap-default\">\n\t\t\t\t\t<div class=\"elementor-column elementor-col-100 elementor-top-column elementor-element elementor-element-3944a25\" data-id=\"3944a25\" data-element_type=\"column\" data-e-type=\"column\">\n\t\t\t<div class=\"elementor-column-wrap--3944a25 elementor-widget-wrap elementor-element-populated\">\n\t\t\t\t\t\t<div class=\"elementor-element elementor-element-556707e elementor-widget elementor-widget-spacer\" data-id=\"556707e\" data-element_type=\"widget\" data-e-type=\"widget\" data-widget_type=\"spacer.default\">\n\t\t\t\t<div class=\"elementor-widget-container\">\n\t\t\t\t\t\t\t<div class=\"elementor-spacer\">\n\t\t\t<div class=\"elementor-spacer-inner\"><\/div>\n\t\t<\/div>\n\t\t\t\t\t\t<\/div>\n\t\t\t\t<\/div>\n\t\t\t\t\t<\/div>\n\t\t<\/div>\n\t\t\t\t\t<\/div>\n\t\t<\/section>\n\t\t\t\t<section class=\"elementor-section elementor-top-section elementor-element elementor-element-dce643c elementor-section-boxed elementor-section-height-default elementor-section-height-default\" data-id=\"dce643c\" data-element_type=\"section\" data-e-type=\"section\">\n\t\t\t\t\t\t<div class=\"elementor-container elementor-column-gap-default\">\n\t\t\t\t\t<div class=\"elementor-column elementor-col-100 elementor-top-column elementor-element elementor-element-19888aa\" data-id=\"19888aa\" data-element_type=\"column\" data-e-type=\"column\">\n\t\t\t<div class=\"elementor-column-wrap--19888aa elementor-widget-wrap elementor-element-populated\">\n\t\t\t\t\t\t<div class=\"elementor-element elementor-element-ef599e8 elementor-widget elementor-widget-text-editor\" data-id=\"ef599e8\" data-element_type=\"widget\" data-e-type=\"widget\" data-widget_type=\"text-editor.default\">\n\t\t\t\t<div class=\"elementor-widget-container\">\n\t\t\t\t\t\t\t\t\t<div><p class=\"p1\">La collection capsule GENESIS refl\u00e8te l\u2019esprit de notre Maison.<span class=\"apple-converted-space\">\u00a0<\/span>Inspired by works of art, our limited edition collection embodies a style that combines modernity with authenticity. By offering a quality fabric we want to offer our customers an exceptional experience.<\/p><\/div><div><p class=\"p1\">Nos produits sont fabriqu\u00e9s en France \u00e0 partir de coton 100 % biologique. Le coton traditionnel quant \u00e0 lui, utilise plusieurs produits chimiques dans la culture. Ces produits sont en mesure de d\u00e9truire notre \u00e9cosyst\u00e8me et polluent profond\u00e9ment nos terres. Le coton biologique n&rsquo;en utilise pas et est donc moins n\u00e9faste pour notre plan\u00e8te.<\/p><\/div><div><p class=\"p1\">Chacune des couleurs s\u00e9lectionn\u00e9es, chacun des designs imprim\u00e9s et chacune des lettres \u00e9nonc\u00e9es se r\u00e9f\u00e8re \u00e0 notre \u00e9tat d\u2019esprit. Nos produits sont les repr\u00e9sentations de notre vision du monde.<\/p><\/div>\t\t\t\t\t\t\t\t<\/div>\n\t\t\t\t<\/div>\n\t\t\t\t\t<\/div>\n\t\t<\/div>\n\t\t\t\t\t<\/div>\n\t\t<\/section>\n\t\t\t\t<section class=\"elementor-section elementor-top-section elementor-element elementor-element-2a9f05c elementor-section-boxed elementor-section-height-default elementor-section-height-default\" data-id=\"2a9f05c\" data-element_type=\"section\" data-e-type=\"section\">\n\t\t\t\t\t\t<div class=\"elementor-container elementor-column-gap-default\">\n\t\t\t\t\t<div class=\"elementor-column elementor-col-100 elementor-top-column elementor-element elementor-element-e4f19e9\" data-id=\"e4f19e9\" data-element_type=\"column\" data-e-type=\"column\">\n\t\t\t<div class=\"elementor-column-wrap--e4f19e9 elementor-widget-wrap elementor-element-populated\">\n\t\t\t\t\t\t<div class=\"elementor-element elementor-element-8f586de elementor-widget elementor-widget-image\" data-id=\"8f586de\" data-element_type=\"widget\" data-e-type=\"widget\" data-widget_type=\"image.default\">\n\t\t\t\t<div class=\"elementor-widget-container\">\n\t\t\t\t\t\t\t\t\t\t\t\t\t\t\t<img fetchpriority=\"high\" decoding=\"async\" width=\"768\" height=\"512\" src=\"https:\/\/3dotsparis.com\/wp-content\/uploads\/2019\/03\/b2_1-768x512.jpg\" class=\"attachment-medium_large size-medium_large wp-image-753\" alt=\"3DOTS-PARIS-COVER-2\" srcset=\"https:\/\/3dotsparis.com\/wp-content\/uploads\/2019\/03\/b2_1-768x512.jpg 768w, https:\/\/3dotsparis.com\/wp-content\/uploads\/2019\/03\/b2_1-800x533.jpg 800w, https:\/\/3dotsparis.com\/wp-content\/uploads\/2019\/03\/b2_1-300x200.jpg 300w, https:\/\/3dotsparis.com\/wp-content\/uploads\/2019\/03\/b2_1-1024x682.jpg 1024w, https:\/\/3dotsparis.com\/wp-content\/uploads\/2019\/03\/b2_1-1536x1024.jpg 1536w, https:\/\/3dotsparis.com\/wp-content\/uploads\/2019\/03\/b2_1.jpg 2000w\" sizes=\"(max-width: 768px) 100vw, 768px\" \/>\t\t\t\t\t\t\t\t\t\t\t\t\t\t\t<\/div>\n\t\t\t\t<\/div>\n\t\t\t\t\t<\/div>\n\t\t<\/div>\n\t\t\t\t\t<\/div>\n\t\t<\/section>\n\t\t\t\t<section class=\"elementor-section elementor-top-section elementor-element elementor-element-75ec8d7 elementor-section-boxed elementor-section-height-default elementor-section-height-default\" data-id=\"75ec8d7\" data-element_type=\"section\" data-e-type=\"section\">\n\t\t\t\t\t\t<div class=\"elementor-container elementor-column-gap-default\">\n\t\t\t\t\t<div class=\"elementor-column elementor-col-100 elementor-top-column elementor-element elementor-element-3b61633\" data-id=\"3b61633\" data-element_type=\"column\" data-e-type=\"column\">\n\t\t\t<div class=\"elementor-column-wrap--3b61633 elementor-widget-wrap elementor-element-populated\">\n\t\t\t\t\t\t<div class=\"elementor-element elementor-element-b1a5156 elementor-widget elementor-widget-spacer\" data-id=\"b1a5156\" data-element_type=\"widget\" data-e-type=\"widget\" data-widget_type=\"spacer.default\">\n\t\t\t\t<div class=\"elementor-widget-container\">\n\t\t\t\t\t\t\t<div class=\"elementor-spacer\">\n\t\t\t<div class=\"elementor-spacer-inner\"><\/div>\n\t\t<\/div>\n\t\t\t\t\t\t<\/div>\n\t\t\t\t<\/div>\n\t\t\t\t\t<\/div>\n\t\t<\/div>\n\t\t\t\t\t<\/div>\n\t\t<\/section>\n\t\t\t\t<\/div>","protected":false},"excerpt":{"rendered":"<p>COLLECTION GENESIS 2022 ASSISTEZ A LA NAISSANCE DE 3DOTS PARIS ! La collection capsule GENESIS refl\u00e8te l\u2019esprit de notre Maison.\u00a0Inspir\u00e9e par les \u0153uvres d\u2019art, notre collection produite en \u00e9dition limit\u00e9e est l\u2019empreinte d\u2019un style\u00a0alliant la modernit\u00e9 \u00e0 l&rsquo;authenticit\u00e9. En proposant un tissu de qualit\u00e9 nous souhaitons offrir \u00e0 nos clients une exp\u00e9rience exceptionnelle. Nos produits [&hellip;]<\/p>\n","protected":false},"author":8,"featured_media":0,"parent":0,"menu_order":0,"comment_status":"closed","ping_status":"closed","template":"","meta":{"_acf_changed":false,"footnotes":""},"class_list":["post-837","page","type-page","status-publish","hentry"],"acf":[],"yoast_head":"<!-- This site is optimized with the Yoast SEO plugin v27.3 - https:\/\/yoast.com\/product\/yoast-seo-wordpress\/ -->\n<title>GENESIS - 3DOTS PARIS<\/title>\n<meta name=\"description\" content=\"Inspir\u00e9e par les \u0153uvres d\u2019art, notre collection produite en \u00e9dition limit\u00e9e est l\u2019empreinte d\u2019un style alliant la modernit\u00e9 \u00e0 l\u2019authenticit\u00e9.\" \/>\n<meta name=\"robots\" content=\"index, follow, max-snippet:-1, max-image-preview:large, max-video-preview:-1\" \/>\n<link rel=\"canonical\" href=\"https:\/\/3dotsparis.com\/en\/genesis\/\" \/>\n<meta property=\"og:locale\" content=\"en_US\" \/>\n<meta property=\"og:type\" content=\"article\" \/>\n<meta property=\"og:title\" content=\"GENESIS - 3DOTS PARIS\" \/>\n<meta property=\"og:description\" content=\"Inspir\u00e9e par les \u0153uvres d\u2019art, notre collection produite en \u00e9dition limit\u00e9e est l\u2019empreinte d\u2019un style alliant la modernit\u00e9 \u00e0 l\u2019authenticit\u00e9.\" \/>\n<meta property=\"og:url\" content=\"https:\/\/3dotsparis.com\/en\/genesis\/\" \/>\n<meta property=\"og:site_name\" content=\"3DOTS PARIS\" \/>\n<meta property=\"article:modified_time\" content=\"2022-01-02T09:28:33+00:00\" \/>\n<meta property=\"og:image\" content=\"https:\/\/3dotsparis.com\/wp-content\/uploads\/2019\/03\/b2_1-768x512.jpg\" \/>\n<meta name=\"twitter:card\" content=\"summary_large_image\" \/>\n<meta name=\"twitter:label1\" content=\"Est. reading time\" \/>\n\t<meta name=\"twitter:data1\" content=\"1 minute\" \/>\n<script type=\"application\/ld+json\" class=\"yoast-schema-graph\">{\"@context\":\"https:\\\/\\\/schema.org\",\"@graph\":[{\"@type\":\"WebPage\",\"@id\":\"https:\\\/\\\/3dotsparis.com\\\/genesis\\\/\",\"url\":\"https:\\\/\\\/3dotsparis.com\\\/genesis\\\/\",\"name\":\"GENESIS - 3DOTS PARIS\",\"isPartOf\":{\"@id\":\"https:\\\/\\\/3dotsparis.com\\\/#website\"},\"primaryImageOfPage\":{\"@id\":\"https:\\\/\\\/3dotsparis.com\\\/genesis\\\/#primaryimage\"},\"image\":{\"@id\":\"https:\\\/\\\/3dotsparis.com\\\/genesis\\\/#primaryimage\"},\"thumbnailUrl\":\"https:\\\/\\\/3dotsparis.com\\\/wp-content\\\/uploads\\\/2019\\\/03\\\/b2_1-768x512.jpg\",\"datePublished\":\"2021-09-11T17:00:44+00:00\",\"dateModified\":\"2022-01-02T09:28:33+00:00\",\"description\":\"Inspir\u00e9e par les \u0153uvres d\u2019art, notre collection produite en \u00e9dition limit\u00e9e est l\u2019empreinte d\u2019un style alliant la modernit\u00e9 \u00e0 l\u2019authenticit\u00e9.\",\"breadcrumb\":{\"@id\":\"https:\\\/\\\/3dotsparis.com\\\/genesis\\\/#breadcrumb\"},\"inLanguage\":\"en-US\",\"potentialAction\":[{\"@type\":\"ReadAction\",\"target\":[\"https:\\\/\\\/3dotsparis.com\\\/genesis\\\/\"]}]},{\"@type\":\"ImageObject\",\"inLanguage\":\"en-US\",\"@id\":\"https:\\\/\\\/3dotsparis.com\\\/genesis\\\/#primaryimage\",\"url\":\"https:\\\/\\\/3dotsparis.com\\\/wp-content\\\/uploads\\\/2019\\\/03\\\/b2_1-768x512.jpg\",\"contentUrl\":\"https:\\\/\\\/3dotsparis.com\\\/wp-content\\\/uploads\\\/2019\\\/03\\\/b2_1-768x512.jpg\"},{\"@type\":\"BreadcrumbList\",\"@id\":\"https:\\\/\\\/3dotsparis.com\\\/genesis\\\/#breadcrumb\",\"itemListElement\":[{\"@type\":\"ListItem\",\"position\":1,\"name\":\"Accueil\",\"item\":\"https:\\\/\\\/3dotsparis.com\\\/\"},{\"@type\":\"ListItem\",\"position\":2,\"name\":\"GENESIS\"}]},{\"@type\":\"WebSite\",\"@id\":\"https:\\\/\\\/3dotsparis.com\\\/#website\",\"url\":\"https:\\\/\\\/3dotsparis.com\\\/\",\"name\":\"3DOTS PARIS\",\"description\":\"\",\"publisher\":{\"@id\":\"https:\\\/\\\/3dotsparis.com\\\/#organization\"},\"potentialAction\":[{\"@type\":\"SearchAction\",\"target\":{\"@type\":\"EntryPoint\",\"urlTemplate\":\"https:\\\/\\\/3dotsparis.com\\\/?s={search_term_string}\"},\"query-input\":{\"@type\":\"PropertyValueSpecification\",\"valueRequired\":true,\"valueName\":\"search_term_string\"}}],\"inLanguage\":\"en-US\"},{\"@type\":\"Organization\",\"@id\":\"https:\\\/\\\/3dotsparis.com\\\/#organization\",\"name\":\"3DOTS PARIS\",\"url\":\"https:\\\/\\\/3dotsparis.com\\\/\",\"logo\":{\"@type\":\"ImageObject\",\"inLanguage\":\"en-US\",\"@id\":\"https:\\\/\\\/3dotsparis.com\\\/#\\\/schema\\\/logo\\\/image\\\/\",\"url\":\"https:\\\/\\\/3dotsparis.com\\\/wp-content\\\/uploads\\\/2021\\\/04\\\/INPI-3DOTS-LOGO-OFFICIEL-valide.png\",\"contentUrl\":\"https:\\\/\\\/3dotsparis.com\\\/wp-content\\\/uploads\\\/2021\\\/04\\\/INPI-3DOTS-LOGO-OFFICIEL-valide.png\",\"width\":1024,\"height\":1024,\"caption\":\"3DOTS PARIS\"},\"image\":{\"@id\":\"https:\\\/\\\/3dotsparis.com\\\/#\\\/schema\\\/logo\\\/image\\\/\"}}]}<\/script>\n<!-- \/ Yoast SEO plugin. -->","yoast_head_json":{"title":"GENESIS - 3DOTS PARIS","description":"Inspir\u00e9e par les \u0153uvres d\u2019art, notre collection produite en \u00e9dition limit\u00e9e est l\u2019empreinte d\u2019un style alliant la modernit\u00e9 \u00e0 l\u2019authenticit\u00e9.","robots":{"index":"index","follow":"follow","max-snippet":"max-snippet:-1","max-image-preview":"max-image-preview:large","max-video-preview":"max-video-preview:-1"},"canonical":"https:\/\/3dotsparis.com\/en\/genesis\/","og_locale":"en_US","og_type":"article","og_title":"GENESIS - 3DOTS PARIS","og_description":"Inspir\u00e9e par les \u0153uvres d\u2019art, notre collection produite en \u00e9dition limit\u00e9e est l\u2019empreinte d\u2019un style alliant la modernit\u00e9 \u00e0 l\u2019authenticit\u00e9.","og_url":"https:\/\/3dotsparis.com\/en\/genesis\/","og_site_name":"3DOTS PARIS","article_modified_time":"2022-01-02T09:28:33+00:00","og_image":[{"url":"https:\/\/3dotsparis.com\/wp-content\/uploads\/2019\/03\/b2_1-768x512.jpg","type":"","width":"","height":""}],"twitter_card":"summary_large_image","twitter_misc":{"Est. reading time":"1 minute"},"schema":{"@context":"https:\/\/schema.org","@graph":[{"@type":"WebPage","@id":"https:\/\/3dotsparis.com\/genesis\/","url":"https:\/\/3dotsparis.com\/genesis\/","name":"GENESIS - 3DOTS PARIS","isPartOf":{"@id":"https:\/\/3dotsparis.com\/#website"},"primaryImageOfPage":{"@id":"https:\/\/3dotsparis.com\/genesis\/#primaryimage"},"image":{"@id":"https:\/\/3dotsparis.com\/genesis\/#primaryimage"},"thumbnailUrl":"https:\/\/3dotsparis.com\/wp-content\/uploads\/2019\/03\/b2_1-768x512.jpg","datePublished":"2021-09-11T17:00:44+00:00","dateModified":"2022-01-02T09:28:33+00:00","description":"Inspir\u00e9e par les \u0153uvres d\u2019art, notre collection produite en \u00e9dition limit\u00e9e est l\u2019empreinte d\u2019un style alliant la modernit\u00e9 \u00e0 l\u2019authenticit\u00e9.","breadcrumb":{"@id":"https:\/\/3dotsparis.com\/genesis\/#breadcrumb"},"inLanguage":"en-US","potentialAction":[{"@type":"ReadAction","target":["https:\/\/3dotsparis.com\/genesis\/"]}]},{"@type":"ImageObject","inLanguage":"en-US","@id":"https:\/\/3dotsparis.com\/genesis\/#primaryimage","url":"https:\/\/3dotsparis.com\/wp-content\/uploads\/2019\/03\/b2_1-768x512.jpg","contentUrl":"https:\/\/3dotsparis.com\/wp-content\/uploads\/2019\/03\/b2_1-768x512.jpg"},{"@type":"BreadcrumbList","@id":"https:\/\/3dotsparis.com\/genesis\/#breadcrumb","itemListElement":[{"@type":"ListItem","position":1,"name":"Accueil","item":"https:\/\/3dotsparis.com\/"},{"@type":"ListItem","position":2,"name":"GENESIS"}]},{"@type":"WebSite","@id":"https:\/\/3dotsparis.com\/#website","url":"https:\/\/3dotsparis.com\/","name":"3DOTS PARIS","description":"","publisher":{"@id":"https:\/\/3dotsparis.com\/#organization"},"potentialAction":[{"@type":"SearchAction","target":{"@type":"EntryPoint","urlTemplate":"https:\/\/3dotsparis.com\/?s={search_term_string}"},"query-input":{"@type":"PropertyValueSpecification","valueRequired":true,"valueName":"search_term_string"}}],"inLanguage":"en-US"},{"@type":"Organization","@id":"https:\/\/3dotsparis.com\/#organization","name":"3DOTS PARIS","url":"https:\/\/3dotsparis.com\/","logo":{"@type":"ImageObject","inLanguage":"en-US","@id":"https:\/\/3dotsparis.com\/#\/schema\/logo\/image\/","url":"https:\/\/3dotsparis.com\/wp-content\/uploads\/2021\/04\/INPI-3DOTS-LOGO-OFFICIEL-valide.png","contentUrl":"https:\/\/3dotsparis.com\/wp-content\/uploads\/2021\/04\/INPI-3DOTS-LOGO-OFFICIEL-valide.png","width":1024,"height":1024,"caption":"3DOTS PARIS"},"image":{"@id":"https:\/\/3dotsparis.com\/#\/schema\/logo\/image\/"}}]}},"_links":{"self":[{"href":"https:\/\/3dotsparis.com\/en\/wp-json\/wp\/v2\/pages\/837","targetHints":{"allow":["GET"]}}],"collection":[{"href":"https:\/\/3dotsparis.com\/en\/wp-json\/wp\/v2\/pages"}],"about":[{"href":"https:\/\/3dotsparis.com\/en\/wp-json\/wp\/v2\/types\/page"}],"author":[{"embeddable":true,"href":"https:\/\/3dotsparis.com\/en\/wp-json\/wp\/v2\/users\/8"}],"replies":[{"embeddable":true,"href":"https:\/\/3dotsparis.com\/en\/wp-json\/wp\/v2\/comments?post=837"}],"version-history":[{"count":46,"href":"https:\/\/3dotsparis.com\/en\/wp-json\/wp\/v2\/pages\/837\/revisions"}],"predecessor-version":[{"id":3057,"href":"https:\/\/3dotsparis.com\/en\/wp-json\/wp\/v2\/pages\/837\/revisions\/3057"}],"wp:attachment":[{"href":"https:\/\/3dotsparis.com\/en\/wp-json\/wp\/v2\/media?parent=837"}],"curies":[{"name":"wp","href":"https:\/\/api.w.org\/{rel}","templated":true}]}}