{"id":616,"date":"2021-09-11T06:34:21","date_gmt":"2021-09-11T04:34:21","guid":{"rendered":"http:\/\/demos.reytheme.com\/newyork\/my-account\/"},"modified":"2021-09-12T21:07:42","modified_gmt":"2021-09-12T19:07:42","slug":"mon-compte","status":"publish","type":"page","link":"https:\/\/3dotsparis.com\/en\/mon-compte\/","title":{"rendered":"My account"},"content":{"rendered":"<div class=\"woocommerce\"><\/div>\n\n\n\n\n\n\n<p><\/p>","protected":false},"excerpt":{"rendered":"","protected":false},"author":8,"featured_media":0,"parent":0,"menu_order":0,"comment_status":"closed","ping_status":"closed","template":"","meta":{"_acf_changed":false,"footnotes":""},"class_list":["post-616","page","type-page","status-publish","hentry"],"acf":[],"yoast_head":"<!-- This site is optimized with the Yoast SEO plugin v27.3 - https:\/\/yoast.com\/product\/yoast-seo-wordpress\/ -->\n<title>Mon compte - 3DOTS PARIS<\/title>\n<meta name=\"description\" content=\"Connectez-vous \u00e0 votre compte pour consulter votre suivi de commande, g\u00e9rer vos informations, vos achats et vos pr\u00e9f\u00e9rences.\" \/>\n<meta name=\"robots\" content=\"index, follow, max-snippet:-1, max-image-preview:large, max-video-preview:-1\" \/>\n<link rel=\"canonical\" href=\"https:\/\/3dotsparis.com\/en\/mon-compte\/\" \/>\n<meta property=\"og:locale\" content=\"en_US\" \/>\n<meta property=\"og:type\" content=\"article\" \/>\n<meta property=\"og:title\" content=\"Mon compte - 3DOTS PARIS\" \/>\n<meta property=\"og:description\" content=\"Connectez-vous \u00e0 votre compte pour consulter votre suivi de commande, g\u00e9rer vos informations, vos achats et vos pr\u00e9f\u00e9rences.\" \/>\n<meta property=\"og:url\" content=\"https:\/\/3dotsparis.com\/en\/mon-compte\/\" \/>\n<meta property=\"og:site_name\" content=\"3DOTS PARIS\" \/>\n<meta property=\"article:modified_time\" content=\"2021-09-12T19:07:42+00:00\" \/>\n<meta name=\"twitter:card\" content=\"summary_large_image\" \/>\n<meta name=\"twitter:label1\" content=\"Est. reading time\" \/>\n\t<meta name=\"twitter:data1\" content=\"1 minute\" \/>\n<script type=\"application\/ld+json\" class=\"yoast-schema-graph\">{\"@context\":\"https:\\\/\\\/schema.org\",\"@graph\":[{\"@type\":\"WebPage\",\"@id\":\"https:\\\/\\\/3dotsparis.com\\\/mon-compte\\\/\",\"url\":\"https:\\\/\\\/3dotsparis.com\\\/mon-compte\\\/\",\"name\":\"Mon compte - 3DOTS PARIS\",\"isPartOf\":{\"@id\":\"https:\\\/\\\/3dotsparis.com\\\/#website\"},\"datePublished\":\"2021-09-11T04:34:21+00:00\",\"dateModified\":\"2021-09-12T19:07:42+00:00\",\"description\":\"Connectez-vous \u00e0 votre compte pour consulter votre suivi de commande, g\u00e9rer vos informations, vos achats et vos pr\u00e9f\u00e9rences.\",\"breadcrumb\":{\"@id\":\"https:\\\/\\\/3dotsparis.com\\\/mon-compte\\\/#breadcrumb\"},\"inLanguage\":\"en-US\",\"potentialAction\":[{\"@type\":\"ReadAction\",\"target\":[\"https:\\\/\\\/3dotsparis.com\\\/mon-compte\\\/\"]}]},{\"@type\":\"BreadcrumbList\",\"@id\":\"https:\\\/\\\/3dotsparis.com\\\/mon-compte\\\/#breadcrumb\",\"itemListElement\":[{\"@type\":\"ListItem\",\"position\":1,\"name\":\"Accueil\",\"item\":\"https:\\\/\\\/3dotsparis.com\\\/\"},{\"@type\":\"ListItem\",\"position\":2,\"name\":\"Mon compte\"}]},{\"@type\":\"WebSite\",\"@id\":\"https:\\\/\\\/3dotsparis.com\\\/#website\",\"url\":\"https:\\\/\\\/3dotsparis.com\\\/\",\"name\":\"3DOTS PARIS\",\"description\":\"\",\"publisher\":{\"@id\":\"https:\\\/\\\/3dotsparis.com\\\/#organization\"},\"potentialAction\":[{\"@type\":\"SearchAction\",\"target\":{\"@type\":\"EntryPoint\",\"urlTemplate\":\"https:\\\/\\\/3dotsparis.com\\\/?s={search_term_string}\"},\"query-input\":{\"@type\":\"PropertyValueSpecification\",\"valueRequired\":true,\"valueName\":\"search_term_string\"}}],\"inLanguage\":\"en-US\"},{\"@type\":\"Organization\",\"@id\":\"https:\\\/\\\/3dotsparis.com\\\/#organization\",\"name\":\"3DOTS PARIS\",\"url\":\"https:\\\/\\\/3dotsparis.com\\\/\",\"logo\":{\"@type\":\"ImageObject\",\"inLanguage\":\"en-US\",\"@id\":\"https:\\\/\\\/3dotsparis.com\\\/#\\\/schema\\\/logo\\\/image\\\/\",\"url\":\"https:\\\/\\\/3dotsparis.com\\\/wp-content\\\/uploads\\\/2021\\\/04\\\/INPI-3DOTS-LOGO-OFFICIEL-valide.png\",\"contentUrl\":\"https:\\\/\\\/3dotsparis.com\\\/wp-content\\\/uploads\\\/2021\\\/04\\\/INPI-3DOTS-LOGO-OFFICIEL-valide.png\",\"width\":1024,\"height\":1024,\"caption\":\"3DOTS PARIS\"},\"image\":{\"@id\":\"https:\\\/\\\/3dotsparis.com\\\/#\\\/schema\\\/logo\\\/image\\\/\"}}]}<\/script>\n<!-- \/ Yoast SEO plugin. -->","yoast_head_json":{"title":"Mon compte - 3DOTS PARIS","description":"Connectez-vous \u00e0 votre compte pour consulter votre suivi de commande, g\u00e9rer vos informations, vos achats et vos pr\u00e9f\u00e9rences.","robots":{"index":"index","follow":"follow","max-snippet":"max-snippet:-1","max-image-preview":"max-image-preview:large","max-video-preview":"max-video-preview:-1"},"canonical":"https:\/\/3dotsparis.com\/en\/mon-compte\/","og_locale":"en_US","og_type":"article","og_title":"Mon compte - 3DOTS PARIS","og_description":"Connectez-vous \u00e0 votre compte pour consulter votre suivi de commande, g\u00e9rer vos informations, vos achats et vos pr\u00e9f\u00e9rences.","og_url":"https:\/\/3dotsparis.com\/en\/mon-compte\/","og_site_name":"3DOTS PARIS","article_modified_time":"2021-09-12T19:07:42+00:00","twitter_card":"summary_large_image","twitter_misc":{"Est. reading time":"1 minute"},"schema":{"@context":"https:\/\/schema.org","@graph":[{"@type":"WebPage","@id":"https:\/\/3dotsparis.com\/mon-compte\/","url":"https:\/\/3dotsparis.com\/mon-compte\/","name":"Mon compte - 3DOTS PARIS","isPartOf":{"@id":"https:\/\/3dotsparis.com\/#website"},"datePublished":"2021-09-11T04:34:21+00:00","dateModified":"2021-09-12T19:07:42+00:00","description":"Connectez-vous \u00e0 votre compte pour consulter votre suivi de commande, g\u00e9rer vos informations, vos achats et vos pr\u00e9f\u00e9rences.","breadcrumb":{"@id":"https:\/\/3dotsparis.com\/mon-compte\/#breadcrumb"},"inLanguage":"en-US","potentialAction":[{"@type":"ReadAction","target":["https:\/\/3dotsparis.com\/mon-compte\/"]}]},{"@type":"BreadcrumbList","@id":"https:\/\/3dotsparis.com\/mon-compte\/#breadcrumb","itemListElement":[{"@type":"ListItem","position":1,"name":"Accueil","item":"https:\/\/3dotsparis.com\/"},{"@type":"ListItem","position":2,"name":"Mon compte"}]},{"@type":"WebSite","@id":"https:\/\/3dotsparis.com\/#website","url":"https:\/\/3dotsparis.com\/","name":"3DOTS PARIS","description":"","publisher":{"@id":"https:\/\/3dotsparis.com\/#organization"},"potentialAction":[{"@type":"SearchAction","target":{"@type":"EntryPoint","urlTemplate":"https:\/\/3dotsparis.com\/?s={search_term_string}"},"query-input":{"@type":"PropertyValueSpecification","valueRequired":true,"valueName":"search_term_string"}}],"inLanguage":"en-US"},{"@type":"Organization","@id":"https:\/\/3dotsparis.com\/#organization","name":"3DOTS PARIS","url":"https:\/\/3dotsparis.com\/","logo":{"@type":"ImageObject","inLanguage":"en-US","@id":"https:\/\/3dotsparis.com\/#\/schema\/logo\/image\/","url":"https:\/\/3dotsparis.com\/wp-content\/uploads\/2021\/04\/INPI-3DOTS-LOGO-OFFICIEL-valide.png","contentUrl":"https:\/\/3dotsparis.com\/wp-content\/uploads\/2021\/04\/INPI-3DOTS-LOGO-OFFICIEL-valide.png","width":1024,"height":1024,"caption":"3DOTS PARIS"},"image":{"@id":"https:\/\/3dotsparis.com\/#\/schema\/logo\/image\/"}}]}},"_links":{"self":[{"href":"https:\/\/3dotsparis.com\/en\/wp-json\/wp\/v2\/pages\/616","targetHints":{"allow":["GET"]}}],"collection":[{"href":"https:\/\/3dotsparis.com\/en\/wp-json\/wp\/v2\/pages"}],"about":[{"href":"https:\/\/3dotsparis.com\/en\/wp-json\/wp\/v2\/types\/page"}],"author":[{"embeddable":true,"href":"https:\/\/3dotsparis.com\/en\/wp-json\/wp\/v2\/users\/8"}],"replies":[{"embeddable":true,"href":"https:\/\/3dotsparis.com\/en\/wp-json\/wp\/v2\/comments?post=616"}],"version-history":[{"count":12,"href":"https:\/\/3dotsparis.com\/en\/wp-json\/wp\/v2\/pages\/616\/revisions"}],"predecessor-version":[{"id":2707,"href":"https:\/\/3dotsparis.com\/en\/wp-json\/wp\/v2\/pages\/616\/revisions\/2707"}],"wp:attachment":[{"href":"https:\/\/3dotsparis.com\/en\/wp-json\/wp\/v2\/media?parent=616"}],"curies":[{"name":"wp","href":"https:\/\/api.w.org\/{rel}","templated":true}]}}