{"id":611,"date":"2021-09-11T06:33:44","date_gmt":"2021-09-11T04:33:44","guid":{"rendered":"http:\/\/demos.reytheme.com\/newyork\/?page_id=611"},"modified":"2021-09-12T20:59:54","modified_gmt":"2021-09-12T18:59:54","slug":"faq","status":"publish","type":"page","link":"https:\/\/3dotsparis.com\/en\/faq\/","title":{"rendered":"FAQ's"},"content":{"rendered":"<div data-elementor-type=\"wp-post\" data-elementor-id=\"611\" class=\"elementor elementor-611\" data-elementor-post-type=\"page\">\n\t\t\t\t\t\t<section class=\"elementor-section elementor-top-section elementor-element elementor-element-c0f6bd7 elementor-section-boxed elementor-section-height-default elementor-section-height-default\" data-id=\"c0f6bd7\" data-element_type=\"section\" data-e-type=\"section\">\n\t\t\t\t\t\t<div class=\"elementor-container elementor-column-gap-default\">\n\t\t\t\t\t<div class=\"elementor-column elementor-col-100 elementor-top-column elementor-element elementor-element-e03e495\" data-id=\"e03e495\" data-element_type=\"column\" data-e-type=\"column\">\n\t\t\t<div class=\"elementor-column-wrap--e03e495 elementor-widget-wrap elementor-element-populated\">\n\t\t\t\t\t\t<div class=\"elementor-element elementor-element-ea05a99 elementor-widget elementor-widget-reycore-global-section\" data-id=\"ea05a99\" data-element_type=\"widget\" data-e-type=\"widget\" data-widget_type=\"reycore-global-section.default\">\n\t\t\t\t<div class=\"elementor-widget-container\">\n\t\t\t\t\t\t\t<div class=\"rey-element reyEl-gs\">\n\t\t\t\t\t<div data-elementor-type=\"wp-post\" data-elementor-id=\"739\" class=\"elementor elementor-739\" data-elementor-post-type=\"rey-global-sections\" data-elementor-gstype=\"cover\" data-page-el-selector=\"body.elementor-page-739\" data-disable-padding=\"\">\n\t\t\t\t\t\t<section class=\"elementor-section elementor-top-section elementor-element elementor-element-2368cd2 elementor-section-boxed elementor-section-height-default elementor-section-height-default\" data-id=\"2368cd2\" data-element_type=\"section\" data-e-type=\"section\">\n\t\t\t\t\t\t<div class=\"elementor-container elementor-column-gap-default\">\n\t\t\t\t\t<div class=\"elementor-column elementor-col-100 elementor-top-column elementor-element elementor-element-59f9782\" data-id=\"59f9782\" data-element_type=\"column\" data-e-type=\"column\">\n\t\t\t<div class=\"elementor-column-wrap--59f9782 elementor-widget-wrap elementor-element-populated\">\n\t\t\t\t\t\t<div class=\"elementor-element elementor-element-311fcc9 elementor-widget elementor-widget-heading\" data-id=\"311fcc9\" data-element_type=\"widget\" data-e-type=\"widget\" data-widget_type=\"heading.dynamic_title\">\n\t\t\t\t<div class=\"elementor-widget-container\">\n\t\t\t\t\t<h1 class=\"elementor-heading-title\"><\/h1>\t\t\t\t<\/div>\n\t\t\t\t<\/div>\n\t\t\t\t\t<\/div>\n\t\t<\/div>\n\t\t\t\t\t<\/div>\n\t\t<\/section>\n\t\t\t\t<\/div>\n\t\t\t\t<\/div>\n\t\t<!-- .reyEl-gs -->\n\t\t\t\t\t\t<\/div>\n\t\t\t\t<\/div>\n\t\t\t\t\t<\/div>\n\t\t<\/div>\n\t\t\t\t\t<\/div>\n\t\t<\/section>\n\t\t\t\t<section class=\"elementor-section elementor-top-section elementor-element elementor-element-3306004 elementor-section-boxed elementor-section-height-default elementor-section-height-default\" data-id=\"3306004\" data-element_type=\"section\" data-e-type=\"section\">\n\t\t\t\t\t\t<div class=\"elementor-container elementor-column-gap-default\">\n\t\t\t\t\t<div class=\"elementor-column elementor-col-16 elementor-top-column elementor-element elementor-element-de7950a\" data-id=\"de7950a\" data-element_type=\"column\" data-e-type=\"column\">\n\t\t\t<div class=\"elementor-column-wrap--de7950a elementor-widget-wrap\">\n\t\t\t\t\t\t\t<\/div>\n\t\t<\/div>\n\t\t\t\t<div class=\"elementor-column elementor-col-66 elementor-top-column elementor-element elementor-element-120c40a\" data-id=\"120c40a\" data-element_type=\"column\" data-e-type=\"column\">\n\t\t\t<div class=\"elementor-column-wrap--120c40a elementor-widget-wrap elementor-element-populated\">\n\t\t\t\t\t\t<div class=\"elementor-element elementor-element-e4d6d88 elementor-widget elementor-widget-shortcode\" data-id=\"e4d6d88\" data-element_type=\"widget\" data-e-type=\"widget\" data-widget_type=\"shortcode.default\">\n\t\t\t\t<div class=\"elementor-widget-container\">\n\t\t\t\t\t\t\t<div class=\"elementor-shortcode\"><style>#sp-ea-1300 .spcollapsing { height: 0; overflow: hidden; transition-property: height;transition-duration: 500ms;}#sp-ea-1300.sp-easy-accordion>.sp-ea-single {margin-bottom: 10px; border: 1px solid #e2e2e2; }#sp-ea-1300.sp-easy-accordion>.sp-ea-single>.ea-header a {color: #444;}#sp-ea-1300.sp-easy-accordion>.sp-ea-single>.sp-collapse>.ea-body {background: #fff; color: #444;}#sp-ea-1300.sp-easy-accordion>.sp-ea-single {background: #eee;}#sp-ea-1300.sp-easy-accordion>.sp-ea-single>.ea-header a .ea-expand-icon { float: left; color: #444;font-size: 16px;}<\/style><div id=\"sp_easy_accordion-1776406408\"><div id=\"sp-ea-1300\" class=\"sp-ea-one sp-easy-accordion\" data-ea-active=\"ea-click\" data-ea-mode=\"vertical\" data-preloader=\"\" data-scroll-active-item=\"\" data-offset-to-scroll=\"0\"><div class=\"ea-card sp-ea-single\"><h3 class=\"ea-header\"><a class=\"collapsed\" id=\"ea-header-13000\" role=\"button\" data-sptoggle=\"spcollapse\" data-sptarget=\"#collapse13000\" aria-controls=\"collapse13000\" href=\"#\" aria-expanded=\"false\" tabindex=\"0\"><i aria-hidden=\"true\" role=\"presentation\" class=\"ea-expand-icon eap-icon-ea-expand-plus\"><\/i> How to cancel my order?<\/a><\/h3><div class=\"sp-collapse spcollapse spcollapse\" id=\"collapse13000\" data-parent=\"#sp-ea-1300\" role=\"region\" aria-labelledby=\"ea-header-13000\"> <div class=\"ea-body\"><p>If you wish to cancel your order please go to the section :\u00a0<strong>Mon compte&gt; Commandes&gt; Annuler<\/strong><\/p><p>It will not be possible to cancel an order after it has been dispatched. If the order is being shipped, please use the\u00a0<strong>contact form that you will find by clicking\u00a0<\/strong><a href=\"https:\/\/3dotsparis.com\/en\/contact\/\"><strong>here,<\/strong><strong>\u00a0<\/strong><\/a>to make your cancellation request. We will send you a return slip to send the item back to us. Upon receipt of the item in our workshop we will issue your refund within 14 days. (<strong>Voir l'onglet Retours &amp; Remboursements<\/strong>)<\/p><\/div><\/div><\/div><div class=\"ea-card sp-ea-single\"><h3 class=\"ea-header\"><a class=\"collapsed\" id=\"ea-header-13001\" role=\"button\" data-sptoggle=\"spcollapse\" data-sptarget=\"#collapse13001\" aria-controls=\"collapse13001\" href=\"#\" aria-expanded=\"false\" tabindex=\"0\"><i aria-hidden=\"true\" role=\"presentation\" class=\"ea-expand-icon eap-icon-ea-expand-plus\"><\/i> How do I know if my payment is secure?<\/a><\/h3><div class=\"sp-collapse spcollapse spcollapse\" id=\"collapse13001\" data-parent=\"#sp-ea-1300\" role=\"region\" aria-labelledby=\"ea-header-13001\"> <div class=\"ea-body\"><p>Security is our priority and La Maison 3DOTS undertakes not to keep any data from your bank card.<\/p><p>Transactions made on the 3dotsparis.com website are secure. Personal data and payment data are protected by an SSL encryption system set up on our website.<\/p><p>Thanks to the 3D Secure system implemented on most bank cards, the security of online payments is reinforced.<\/p><p>The double authentication added by 3D Secure allows the identification of the card holder and the validation of the transaction.<\/p><p>For more information about 3D Secure, please contact your bank.<\/p><p>Payment for purchases on the 3dotsparis.com site is made by Paypal or by credit card :<\/p><p><img decoding=\"async\" class=\"alignnone size-full wp-image-919\" src=\"https:\/\/3dotsparis.com\/wp-content\/uploads\/2021\/04\/pay-pal-png.png\" alt=\"\" width=\"96\" height=\"60\" \/> <img decoding=\"async\" class=\"alignnone size-full wp-image-918\" src=\"https:\/\/3dotsparis.com\/wp-content\/uploads\/2021\/04\/mastercard-png-1.png\" alt=\"\" width=\"96\" height=\"60\" \/> <img decoding=\"async\" class=\"alignnone size-full wp-image-921\" src=\"https:\/\/3dotsparis.com\/wp-content\/uploads\/2021\/04\/visa-png.png\" alt=\"\" width=\"96\" height=\"60\" \/> <img loading=\"lazy\" decoding=\"async\" class=\"alignnone size-full wp-image-922\" src=\"https:\/\/3dotsparis.com\/wp-content\/uploads\/2021\/04\/american-express-png.png\" alt=\"\" width=\"96\" height=\"60\" \/> <img loading=\"lazy\" decoding=\"async\" class=\"alignnone size-full wp-image-920\" src=\"https:\/\/3dotsparis.com\/wp-content\/uploads\/2021\/04\/visa-carte-bleue-png.png\" alt=\"\" width=\"72\" height=\"60\" \/> <a href=\"https:\/\/3dotsparis.com\/wp-content\/uploads\/2021\/04\/1200px-Maestro_logo.svg-1.png\"><img loading=\"lazy\" decoding=\"async\" class=\"alignnone wp-image-1916\" src=\"https:\/\/3dotsparis.com\/wp-content\/uploads\/2021\/04\/1200px-Maestro_logo.svg-1-300x179.png\" width=\"102\" height=\"61\" srcset=\"https:\/\/3dotsparis.com\/wp-content\/uploads\/2021\/04\/1200px-Maestro_logo.svg-1-300x179.png 300w, https:\/\/3dotsparis.com\/wp-content\/uploads\/2021\/04\/1200px-Maestro_logo.svg-1-1024x609.png 1024w, https:\/\/3dotsparis.com\/wp-content\/uploads\/2021\/04\/1200px-Maestro_logo.svg-1-768x457.png 768w, https:\/\/3dotsparis.com\/wp-content\/uploads\/2021\/04\/1200px-Maestro_logo.svg-1-16x10.png 16w, https:\/\/3dotsparis.com\/wp-content\/uploads\/2021\/04\/1200px-Maestro_logo.svg-1-800x476.png 800w, https:\/\/3dotsparis.com\/wp-content\/uploads\/2021\/04\/1200px-Maestro_logo.svg-1.png 1200w\" sizes=\"(max-width: 102px) 100vw, 102px\" \/><\/a><\/p><\/div><\/div><\/div><div class=\"ea-card sp-ea-single\"><h3 class=\"ea-header\"><a class=\"collapsed\" id=\"ea-header-13002\" role=\"button\" data-sptoggle=\"spcollapse\" data-sptarget=\"#collapse13002\" aria-controls=\"collapse13002\" href=\"#\" aria-expanded=\"false\" tabindex=\"0\"><i aria-hidden=\"true\" role=\"presentation\" class=\"ea-expand-icon eap-icon-ea-expand-plus\"><\/i> How to track my order ?<\/a><\/h3><div class=\"sp-collapse spcollapse spcollapse\" id=\"collapse13002\" data-parent=\"#sp-ea-1300\" role=\"region\" aria-labelledby=\"ea-header-13002\"> <div class=\"ea-body\"><p>You will receive an email confirming the shipment of your package containing a tracking link.<\/p><p>You can follow the progress of the delivery thanks to the link that you will find under the heading :\u00a0\u00a0<strong>My account<\/strong>\u00a0&gt;\u00a0<strong>Orders<\/strong>\u00a0&gt;\u00a0<strong>Follow<\/strong><\/p><\/div><\/div><\/div><div class=\"ea-card sp-ea-single\"><h3 class=\"ea-header\"><a class=\"collapsed\" id=\"ea-header-13003\" role=\"button\" data-sptoggle=\"spcollapse\" data-sptarget=\"#collapse13003\" aria-controls=\"collapse13003\" href=\"#\" aria-expanded=\"false\" tabindex=\"0\"><i aria-hidden=\"true\" role=\"presentation\" class=\"ea-expand-icon eap-icon-ea-expand-plus\"><\/i> How do I delete my account?<\/a><\/h3><div class=\"sp-collapse spcollapse spcollapse\" id=\"collapse13003\" data-parent=\"#sp-ea-1300\" role=\"region\" aria-labelledby=\"ea-header-13003\"> <div class=\"ea-body\"><p>If you wish to delete your user account, please go to the heading :\u00a0<strong>Mon compte&gt; Supprimer mon compte.<\/strong>\u00a0(Located at the bottom of the page.)<\/p><\/div><\/div><\/div><div class=\"ea-card sp-ea-single\"><h3 class=\"ea-header\"><a class=\"collapsed\" id=\"ea-header-13004\" role=\"button\" data-sptoggle=\"spcollapse\" data-sptarget=\"#collapse13004\" aria-controls=\"collapse13004\" href=\"#\" aria-expanded=\"false\" tabindex=\"0\"><i aria-hidden=\"true\" role=\"presentation\" class=\"ea-expand-icon eap-icon-ea-expand-plus\"><\/i> Delivery<\/a><\/h3><div class=\"sp-collapse spcollapse spcollapse\" id=\"collapse13004\" data-parent=\"#sp-ea-1300\" role=\"region\" aria-labelledby=\"ea-header-13004\"> <div class=\"ea-body\"><p>For any item purchased on our website, delivery is free in mainland France.<\/p><p>Delivery times depend on our partner carriers, however, we do everything we can to keep these times to a minimum. (3DOTS PARIS cannot be held responsible for any loss or theft of packages following specific delivery instructions given to the carrier.)<\/p><p>In case of absence at the time of delivery, the carrier may leave your package in your mailbox, in a relay point or the package will be dropped off at your local post office and a calling card will be left to let you know where it is located.<\/p><\/div><\/div><\/div><div class=\"ea-card sp-ea-single\"><h3 class=\"ea-header\"><a class=\"collapsed\" id=\"ea-header-13005\" role=\"button\" data-sptoggle=\"spcollapse\" data-sptarget=\"#collapse13005\" aria-controls=\"collapse13005\" href=\"#\" aria-expanded=\"false\" tabindex=\"0\"><i aria-hidden=\"true\" role=\"presentation\" class=\"ea-expand-icon eap-icon-ea-expand-plus\"><\/i> Retours &amp; remboursement <\/a><\/h3><div class=\"sp-collapse spcollapse spcollapse\" id=\"collapse13005\" data-parent=\"#sp-ea-1300\" role=\"region\" aria-labelledby=\"ea-header-13005\"> <div class=\"ea-body\"><p><strong>Returns :<\/strong><\/p><p>We offer you the option of returning an item to us free of charge as long as the item is in its original condition and original packaging (including labels), subject to the following conditions :<\/p><p>You have 14 days to return an item to us from the date of delivery of your order to your home or to the relay point. (Once the 14 day deadline has passed we do not accept returns of items.)<\/p><p>All items are inspected upon return. If the item you return to us is worn or damaged, we will not be able to refund or exchange it and may need to resend it to you (you will be responsible for the delivery cost).<\/p><p>Have you changed your mind about the size or color of the item? You will need to return the item to us and upon receipt we will send you your replacement item. To do so, you must use the return slip, which you will find in your package.<\/p><p><strong>Refunds<\/strong>\u00a0:<\/p><p>Refunds depend on the funding source used for the transaction.<\/p><ul><li>If you paid by credit card, the refund is made directly to the same card. It appears on your bank statement within 30 days, depending on your card issuer. To find out more, contact him directly.<\/li><\/ul><ul><li>If you paid by bank account, the money is refunded to your PayPal balance and then automatically transferred to your bank account<\/li><\/ul><ul><li>If you paid by PayPal balance, the amount is credited back to your PayPal balance.<\/li><\/ul><\/div><\/div><\/div><div class=\"ea-card sp-ea-single\"><h3 class=\"ea-header\"><a class=\"collapsed\" id=\"ea-header-13006\" role=\"button\" data-sptoggle=\"spcollapse\" data-sptarget=\"#collapse13006\" aria-controls=\"collapse13006\" href=\"#\" aria-expanded=\"false\" tabindex=\"0\"><i aria-hidden=\"true\" role=\"presentation\" class=\"ea-expand-icon eap-icon-ea-expand-plus\"><\/i> I received a defective item <\/a><\/h3><div class=\"sp-collapse spcollapse spcollapse\" id=\"collapse13006\" data-parent=\"#sp-ea-1300\" role=\"region\" aria-labelledby=\"ea-header-13006\"> <div class=\"ea-body\"><p>We sincerely apologize if you have received a defective item. The quality of our clothes, accessories and the satisfaction of our customers are our priorities.<\/p><p>In order for us to replace the defective item or provide you with a refund, please return the item to us as soon as possible. (<strong>Voir l'onglet Retours &amp; Remboursements<\/strong>) You can contact us using the contact form you will find\u00a0<a href=\"https:\/\/3dotsparis.com\/en\/contact\/\">here<\/a>\u00a0or on the page\u00a0<strong>Nous contacter. Onglet : Vous ne trouvez pas de r\u00e9ponse? &gt; Contactez-nous\u00a0<\/strong>(Located at the bottom of the page).<\/p><p>(All items are inspected and those showing signs of wear instead of a defect may not be replaced or refunded.)<\/p><\/div><\/div><\/div><div class=\"ea-card sp-ea-single\"><h3 class=\"ea-header\"><a class=\"collapsed\" id=\"ea-header-13007\" role=\"button\" data-sptoggle=\"spcollapse\" data-sptarget=\"#collapse13007\" aria-controls=\"collapse13007\" href=\"#\" aria-expanded=\"false\" tabindex=\"0\"><i aria-hidden=\"true\" role=\"presentation\" class=\"ea-expand-icon eap-icon-ea-expand-plus\"><\/i> Security of my personal data<\/a><\/h3><div class=\"sp-collapse spcollapse spcollapse\" id=\"collapse13007\" data-parent=\"#sp-ea-1300\" role=\"region\" aria-labelledby=\"ea-header-13007\"> <div class=\"ea-body\"><p>We comply with the obligation of information and transparency with regard to personal data, in accordance with applicable personal data regulations and in particular the General Data Protection Regulation (GDPR). See our\u00a0<a href=\"https:\/\/3dotsparis.com\/en\/conditions-generales-d-utilisation\/\">terms of service<\/a>\u00a0and our\u00a0<a href=\"https:\/\/3dotsparis.com\/en\/cookies\/\">cookies policy<\/a><\/p><\/div><\/div><\/div><div class=\"ea-card sp-ea-single\"><h3 class=\"ea-header\"><a class=\"collapsed\" id=\"ea-header-13008\" role=\"button\" data-sptoggle=\"spcollapse\" data-sptarget=\"#collapse13008\" aria-controls=\"collapse13008\" href=\"#\" aria-expanded=\"false\" tabindex=\"0\"><i aria-hidden=\"true\" role=\"presentation\" class=\"ea-expand-icon eap-icon-ea-expand-plus\"><\/i> What currencies can I use ?<\/a><\/h3><div class=\"sp-collapse spcollapse spcollapse\" id=\"collapse13008\" data-parent=\"#sp-ea-1300\" role=\"region\" aria-labelledby=\"ea-header-13008\"> <div class=\"ea-body\"><p>PayPal accepts the following currencies:<\/p><p>AUD - Dollar Australien<\/p><p>CAD - Dollar Canadien<\/p><p>CHF - Franc Suisse<\/p><p>CZK - Couronne Tch\u00e8que<\/p><p>DKK - Couronne Danoise<\/p><p>EUR - Euro<\/p><p>GBP - Livre Sterling<\/p><p>HKD - Dollar de Hong Kong<\/p><p>HUF - Forint<\/p><p>ILS - Nouveau Shekel Isra\u00e9lien<\/p><p>JPY - Yen Japonais<\/p><p>MXN - Peso Mexicain<\/p><p>NOK - Couronne Norv\u00e9gienne<\/p><p>NZD - Dollar N\u00e9o-Z\u00e9landais<\/p><p>PHP - Pesos Philippin<\/p><p>PLN - Zloty Polonais<\/p><p>RUB - Rouble Russe<\/p><p>SEK - Couronne Su\u00e9doise<\/p><p>SGD - Dollar de Singapour<\/p><p>THB - Baht<\/p><p>TWD - Nouveau dollar de Ta\u00efwan<\/p><p>USD - Dollar USD<\/p><\/div><\/div><\/div><\/div><\/div><\/div>\n\t\t\t\t\t\t<\/div>\n\t\t\t\t<\/div>\n\t\t\t\t\t<\/div>\n\t\t<\/div>\n\t\t\t\t<div class=\"elementor-column elementor-col-16 elementor-top-column elementor-element elementor-element-5f2b331\" data-id=\"5f2b331\" data-element_type=\"column\" data-e-type=\"column\">\n\t\t\t<div class=\"elementor-column-wrap--5f2b331 elementor-widget-wrap\">\n\t\t\t\t\t\t\t<\/div>\n\t\t<\/div>\n\t\t\t\t\t<\/div>\n\t\t<\/section>\n\t\t\t\t<section class=\"elementor-section elementor-top-section elementor-element elementor-element-77e97d8 elementor-section-boxed elementor-section-height-default elementor-section-height-default\" data-id=\"77e97d8\" data-element_type=\"section\" data-e-type=\"section\">\n\t\t\t\t\t\t<div class=\"elementor-container elementor-column-gap-default\">\n\t\t\t\t\t<div class=\"elementor-column elementor-col-100 elementor-top-column elementor-element elementor-element-b3a749c\" data-id=\"b3a749c\" data-element_type=\"column\" data-e-type=\"column\">\n\t\t\t<div class=\"elementor-column-wrap--b3a749c elementor-widget-wrap elementor-element-populated\">\n\t\t\t\t\t\t<div class=\"elementor-element elementor-element-c5a8722 elementor-widget elementor-widget-spacer\" data-id=\"c5a8722\" data-element_type=\"widget\" data-e-type=\"widget\" data-widget_type=\"spacer.default\">\n\t\t\t\t<div class=\"elementor-widget-container\">\n\t\t\t\t\t\t\t<div class=\"elementor-spacer\">\n\t\t\t<div class=\"elementor-spacer-inner\"><\/div>\n\t\t<\/div>\n\t\t\t\t\t\t<\/div>\n\t\t\t\t<\/div>\n\t\t\t\t\t<\/div>\n\t\t<\/div>\n\t\t\t\t\t<\/div>\n\t\t<\/section>\n\t\t\t\t<\/div>","protected":false},"excerpt":{"rendered":"","protected":false},"author":8,"featured_media":0,"parent":0,"menu_order":0,"comment_status":"closed","ping_status":"closed","template":"template-builder.php","meta":{"_acf_changed":false,"footnotes":""},"class_list":["post-611","page","type-page","status-publish","hentry"],"acf":[],"yoast_head":"<!-- This site is optimized with the Yoast SEO plugin v27.4 - https:\/\/yoast.com\/product\/yoast-seo-wordpress\/ -->\n<title>FAQ - 3DOTS PARIS<\/title>\n<meta name=\"description\" content=\"Nous sommes l\u00e0 pour r\u00e9pondre \u00e0 vos interrogations. Vous ne trouvez pas de r\u00e9ponse ? Rendez-vous sur la page contact.\" \/>\n<meta name=\"robots\" content=\"index, follow, max-snippet:-1, max-image-preview:large, max-video-preview:-1\" \/>\n<link rel=\"canonical\" href=\"https:\/\/3dotsparis.com\/en\/faq\/\" \/>\n<meta property=\"og:locale\" content=\"en_US\" \/>\n<meta property=\"og:type\" content=\"article\" \/>\n<meta property=\"og:title\" content=\"FAQ - 3DOTS PARIS\" \/>\n<meta property=\"og:description\" content=\"Nous sommes l\u00e0 pour r\u00e9pondre \u00e0 vos interrogations. Vous ne trouvez pas de r\u00e9ponse ? Rendez-vous sur la page contact.\" \/>\n<meta property=\"og:url\" content=\"https:\/\/3dotsparis.com\/en\/faq\/\" \/>\n<meta property=\"og:site_name\" content=\"3DOTS PARIS\" \/>\n<meta property=\"article:modified_time\" content=\"2021-09-12T18:59:54+00:00\" \/>\n<meta name=\"twitter:card\" content=\"summary_large_image\" \/>\n<meta name=\"twitter:label1\" content=\"Est. reading time\" \/>\n\t<meta name=\"twitter:data1\" content=\"1 minute\" \/>\n<script type=\"application\/ld+json\" class=\"yoast-schema-graph\">{\"@context\":\"https:\\\/\\\/schema.org\",\"@graph\":[{\"@type\":\"WebPage\",\"@id\":\"https:\\\/\\\/3dotsparis.com\\\/faq\\\/\",\"url\":\"https:\\\/\\\/3dotsparis.com\\\/faq\\\/\",\"name\":\"FAQ - 3DOTS PARIS\",\"isPartOf\":{\"@id\":\"https:\\\/\\\/3dotsparis.com\\\/#website\"},\"datePublished\":\"2021-09-11T04:33:44+00:00\",\"dateModified\":\"2021-09-12T18:59:54+00:00\",\"description\":\"Nous sommes l\u00e0 pour r\u00e9pondre \u00e0 vos interrogations. Vous ne trouvez pas de r\u00e9ponse ? Rendez-vous sur la page contact.\",\"breadcrumb\":{\"@id\":\"https:\\\/\\\/3dotsparis.com\\\/faq\\\/#breadcrumb\"},\"inLanguage\":\"en-US\",\"potentialAction\":[{\"@type\":\"ReadAction\",\"target\":[\"https:\\\/\\\/3dotsparis.com\\\/faq\\\/\"]}]},{\"@type\":\"BreadcrumbList\",\"@id\":\"https:\\\/\\\/3dotsparis.com\\\/faq\\\/#breadcrumb\",\"itemListElement\":[{\"@type\":\"ListItem\",\"position\":1,\"name\":\"Accueil\",\"item\":\"https:\\\/\\\/3dotsparis.com\\\/\"},{\"@type\":\"ListItem\",\"position\":2,\"name\":\"FAQ\"}]},{\"@type\":\"WebSite\",\"@id\":\"https:\\\/\\\/3dotsparis.com\\\/#website\",\"url\":\"https:\\\/\\\/3dotsparis.com\\\/\",\"name\":\"3DOTS PARIS\",\"description\":\"\",\"publisher\":{\"@id\":\"https:\\\/\\\/3dotsparis.com\\\/#organization\"},\"potentialAction\":[{\"@type\":\"SearchAction\",\"target\":{\"@type\":\"EntryPoint\",\"urlTemplate\":\"https:\\\/\\\/3dotsparis.com\\\/?s={search_term_string}\"},\"query-input\":{\"@type\":\"PropertyValueSpecification\",\"valueRequired\":true,\"valueName\":\"search_term_string\"}}],\"inLanguage\":\"en-US\"},{\"@type\":\"Organization\",\"@id\":\"https:\\\/\\\/3dotsparis.com\\\/#organization\",\"name\":\"3DOTS PARIS\",\"url\":\"https:\\\/\\\/3dotsparis.com\\\/\",\"logo\":{\"@type\":\"ImageObject\",\"inLanguage\":\"en-US\",\"@id\":\"https:\\\/\\\/3dotsparis.com\\\/#\\\/schema\\\/logo\\\/image\\\/\",\"url\":\"https:\\\/\\\/3dotsparis.com\\\/wp-content\\\/uploads\\\/2021\\\/04\\\/INPI-3DOTS-LOGO-OFFICIEL-valide.png\",\"contentUrl\":\"https:\\\/\\\/3dotsparis.com\\\/wp-content\\\/uploads\\\/2021\\\/04\\\/INPI-3DOTS-LOGO-OFFICIEL-valide.png\",\"width\":1024,\"height\":1024,\"caption\":\"3DOTS PARIS\"},\"image\":{\"@id\":\"https:\\\/\\\/3dotsparis.com\\\/#\\\/schema\\\/logo\\\/image\\\/\"}}]}<\/script>\n<!-- \/ Yoast SEO plugin. -->","yoast_head_json":{"title":"FAQ - 3DOTS PARIS","description":"Nous sommes l\u00e0 pour r\u00e9pondre \u00e0 vos interrogations. Vous ne trouvez pas de r\u00e9ponse ? Rendez-vous sur la page contact.","robots":{"index":"index","follow":"follow","max-snippet":"max-snippet:-1","max-image-preview":"max-image-preview:large","max-video-preview":"max-video-preview:-1"},"canonical":"https:\/\/3dotsparis.com\/en\/faq\/","og_locale":"en_US","og_type":"article","og_title":"FAQ - 3DOTS PARIS","og_description":"Nous sommes l\u00e0 pour r\u00e9pondre \u00e0 vos interrogations. Vous ne trouvez pas de r\u00e9ponse ? Rendez-vous sur la page contact.","og_url":"https:\/\/3dotsparis.com\/en\/faq\/","og_site_name":"3DOTS PARIS","article_modified_time":"2021-09-12T18:59:54+00:00","twitter_card":"summary_large_image","twitter_misc":{"Est. reading time":"1 minute"},"schema":{"@context":"https:\/\/schema.org","@graph":[{"@type":"WebPage","@id":"https:\/\/3dotsparis.com\/faq\/","url":"https:\/\/3dotsparis.com\/faq\/","name":"FAQ - 3DOTS PARIS","isPartOf":{"@id":"https:\/\/3dotsparis.com\/#website"},"datePublished":"2021-09-11T04:33:44+00:00","dateModified":"2021-09-12T18:59:54+00:00","description":"Nous sommes l\u00e0 pour r\u00e9pondre \u00e0 vos interrogations. Vous ne trouvez pas de r\u00e9ponse ? Rendez-vous sur la page contact.","breadcrumb":{"@id":"https:\/\/3dotsparis.com\/faq\/#breadcrumb"},"inLanguage":"en-US","potentialAction":[{"@type":"ReadAction","target":["https:\/\/3dotsparis.com\/faq\/"]}]},{"@type":"BreadcrumbList","@id":"https:\/\/3dotsparis.com\/faq\/#breadcrumb","itemListElement":[{"@type":"ListItem","position":1,"name":"Accueil","item":"https:\/\/3dotsparis.com\/"},{"@type":"ListItem","position":2,"name":"FAQ"}]},{"@type":"WebSite","@id":"https:\/\/3dotsparis.com\/#website","url":"https:\/\/3dotsparis.com\/","name":"3DOTS PARIS","description":"","publisher":{"@id":"https:\/\/3dotsparis.com\/#organization"},"potentialAction":[{"@type":"SearchAction","target":{"@type":"EntryPoint","urlTemplate":"https:\/\/3dotsparis.com\/?s={search_term_string}"},"query-input":{"@type":"PropertyValueSpecification","valueRequired":true,"valueName":"search_term_string"}}],"inLanguage":"en-US"},{"@type":"Organization","@id":"https:\/\/3dotsparis.com\/#organization","name":"3DOTS PARIS","url":"https:\/\/3dotsparis.com\/","logo":{"@type":"ImageObject","inLanguage":"en-US","@id":"https:\/\/3dotsparis.com\/#\/schema\/logo\/image\/","url":"https:\/\/3dotsparis.com\/wp-content\/uploads\/2021\/04\/INPI-3DOTS-LOGO-OFFICIEL-valide.png","contentUrl":"https:\/\/3dotsparis.com\/wp-content\/uploads\/2021\/04\/INPI-3DOTS-LOGO-OFFICIEL-valide.png","width":1024,"height":1024,"caption":"3DOTS PARIS"},"image":{"@id":"https:\/\/3dotsparis.com\/#\/schema\/logo\/image\/"}}]}},"_links":{"self":[{"href":"https:\/\/3dotsparis.com\/en\/wp-json\/wp\/v2\/pages\/611","targetHints":{"allow":["GET"]}}],"collection":[{"href":"https:\/\/3dotsparis.com\/en\/wp-json\/wp\/v2\/pages"}],"about":[{"href":"https:\/\/3dotsparis.com\/en\/wp-json\/wp\/v2\/types\/page"}],"author":[{"embeddable":true,"href":"https:\/\/3dotsparis.com\/en\/wp-json\/wp\/v2\/users\/8"}],"replies":[{"embeddable":true,"href":"https:\/\/3dotsparis.com\/en\/wp-json\/wp\/v2\/comments?post=611"}],"version-history":[{"count":42,"href":"https:\/\/3dotsparis.com\/en\/wp-json\/wp\/v2\/pages\/611\/revisions"}],"predecessor-version":[{"id":2739,"href":"https:\/\/3dotsparis.com\/en\/wp-json\/wp\/v2\/pages\/611\/revisions\/2739"}],"wp:attachment":[{"href":"https:\/\/3dotsparis.com\/en\/wp-json\/wp\/v2\/media?parent=611"}],"curies":[{"name":"wp","href":"https:\/\/api.w.org\/{rel}","templated":true}]}}