{"id":609,"date":"2021-09-11T06:33:28","date_gmt":"2021-09-11T04:33:28","guid":{"rendered":"http:\/\/demos.reytheme.com\/newyork\/?page_id=609"},"modified":"2024-08-17T12:59:02","modified_gmt":"2024-08-17T10:59:02","slug":"contact","status":"publish","type":"page","link":"https:\/\/3dotsparis.com\/en\/contact\/","title":{"rendered":"Contact"},"content":{"rendered":"\t\t<div data-elementor-type=\"wp-post\" data-elementor-id=\"609\" class=\"elementor elementor-609\" data-elementor-post-type=\"page\">\n\t\t\t\t\t\t<section class=\"elementor-section elementor-top-section elementor-element elementor-element-f39fbbe elementor-section-boxed elementor-section-height-default elementor-section-height-default\" data-id=\"f39fbbe\" data-element_type=\"section\" data-e-type=\"section\">\n\t\t\t\t\t\t<div class=\"elementor-container elementor-column-gap-default\">\n\t\t\t\t\t<div class=\"elementor-column elementor-col-100 elementor-top-column elementor-element elementor-element-d958a16\" data-id=\"d958a16\" data-element_type=\"column\" data-e-type=\"column\">\n\t\t\t<div class=\"elementor-column-wrap--d958a16 elementor-widget-wrap elementor-element-populated\">\n\t\t\t\t\t\t<div class=\"elementor-element elementor-element-734720b elementor-widget elementor-widget-heading\" data-id=\"734720b\" data-element_type=\"widget\" data-e-type=\"widget\" data-widget_type=\"heading.default\">\n\t\t\t\t<div class=\"elementor-widget-container\">\n\t\t\t\t\t<h2 class=\"elementor-heading-title elementor-size-default\">Contact<\/h2>\t\t\t\t<\/div>\n\t\t\t\t<\/div>\n\t\t\t\t<div class=\"elementor-element elementor-element-0588695 elementor-widget-divider--view-line elementor-widget elementor-widget-divider\" data-id=\"0588695\" data-element_type=\"widget\" data-e-type=\"widget\" data-widget_type=\"divider.default\">\n\t\t\t\t<div class=\"elementor-widget-container\">\n\t\t\t\t\t\t\t<div class=\"elementor-divider\">\n\t\t\t<span class=\"elementor-divider-separator\">\n\t\t\t\t\t\t<\/span>\n\t\t<\/div>\n\t\t\t\t\t\t<\/div>\n\t\t\t\t<\/div>\n\t\t\t\t\t<\/div>\n\t\t<\/div>\n\t\t\t\t\t<\/div>\n\t\t<\/section>\n\t\t\t\t<section class=\"elementor-section elementor-top-section elementor-element elementor-element-58fd21b elementor-section-boxed elementor-section-height-default elementor-section-height-default\" data-id=\"58fd21b\" data-element_type=\"section\" data-e-type=\"section\">\n\t\t\t\t\t\t<div class=\"elementor-container elementor-column-gap-extended\">\n\t\t\t\t\t<div class=\"elementor-column elementor-col-50 elementor-top-column elementor-element elementor-element-c065883\" data-id=\"c065883\" data-element_type=\"column\" data-e-type=\"column\">\n\t\t\t<div class=\"elementor-column-wrap--c065883 elementor-widget-wrap elementor-element-populated\">\n\t\t\t\t\t\t<div class=\"elementor-element elementor-element-65d3337 elementor-widget elementor-widget-shortcode\" data-id=\"65d3337\" data-element_type=\"widget\" data-e-type=\"widget\" data-widget_type=\"shortcode.default\">\n\t\t\t\t<div class=\"elementor-widget-container\">\n\t\t\t\t\t\t\t<div class=\"elementor-shortcode\"><div class=\"su-accordion su-u-trim\">\n  <div class=\"su-spoiler su-spoiler-style-default su-spoiler-icon-plus su-spoiler-closed\" data-scroll-offset=\"0\" data-anchor-in-url=\"no\"><div class=\"su-spoiler-title\" tabindex=\"0\" role=\"button\"><span class=\"su-spoiler-icon\"><\/span><h5>Contact Presse<\/h5><\/div><div class=\"su-spoiler-content su-u-clearfix su-u-trim\">Vous trouverez dans cette onglet, un e-mail de contact uniquement r\u00e9serv\u00e9 \u00e0 la presse : <strong>&#112;&#x72;&#x65;s&#115;&#x40;&#x33;d&#111;&#x74;s&#112;&#x61;&#x72;i&#115;&#x2e;c&#111;&#x6d;<\/strong>\n<br><br>Pour toute autre demande veuillez utiliser le formulaire de contact que vous trouverez ci-dessous.<\/div><\/div>\n<\/div><\/div>\n\t\t\t\t\t\t<\/div>\n\t\t\t\t<\/div>\n\t\t\t\t<div class=\"elementor-element elementor-element-e7d026f elementor-widget elementor-widget-heading\" data-id=\"e7d026f\" data-element_type=\"widget\" data-e-type=\"widget\" data-widget_type=\"heading.default\">\n\t\t\t\t<div class=\"elementor-widget-container\">\n\t\t\t\t\t<h3 class=\"elementor-heading-title elementor-size-default\">Vous ne trouvez pas votre r\u00e9ponse ?<\/h3>\t\t\t\t<\/div>\n\t\t\t\t<\/div>\n\t\t\t\t<div class=\"elementor-element elementor-element-ccb53bd elementor-widget elementor-widget-text-editor\" data-id=\"ccb53bd\" data-element_type=\"widget\" data-e-type=\"widget\" data-widget_type=\"text-editor.default\">\n\t\t\t\t<div class=\"elementor-widget-container\">\n\t\t\t\t\t\t\t\t\t<p>Notre service client est disponible pour r\u00e9pondre \u00e0 toutes vos interrogations.<\/p><p>Contactez notre service client pour toutes questions concernant nos produits, votre commande, votre livraison ou une assistance technique li\u00e9e au site internet.<\/p><p>Notre service client vous r\u00e9pondra en moins de 24 h.<\/p>\t\t\t\t\t\t\t\t<\/div>\n\t\t\t\t<\/div>\n\t\t\t\t\t<\/div>\n\t\t<\/div>\n\t\t\t\t<div class=\"elementor-column elementor-col-50 elementor-top-column elementor-element elementor-element-96c8eb9\" data-id=\"96c8eb9\" data-element_type=\"column\" data-e-type=\"column\">\n\t\t\t<div class=\"elementor-column-wrap--96c8eb9 elementor-widget-wrap\">\n\t\t\t\t\t\t\t<\/div>\n\t\t<\/div>\n\t\t\t\t\t<\/div>\n\t\t<\/section>\n\t\t\t\t<section class=\"elementor-section elementor-top-section elementor-element elementor-element-e4a4e34 elementor-section-boxed elementor-section-height-default elementor-section-height-default\" data-id=\"e4a4e34\" data-element_type=\"section\" data-e-type=\"section\">\n\t\t\t\t\t\t<div class=\"elementor-container elementor-column-gap-default\">\n\t\t\t\t\t<div class=\"elementor-column elementor-col-100 elementor-top-column elementor-element elementor-element-1081ca5\" data-id=\"1081ca5\" data-element_type=\"column\" data-e-type=\"column\">\n\t\t\t<div class=\"elementor-column-wrap--1081ca5 elementor-widget-wrap elementor-element-populated\">\n\t\t\t\t\t\t<div class=\"elementor-element elementor-element-135850e elementor-widget elementor-widget-shortcode\" data-id=\"135850e\" data-element_type=\"widget\" data-e-type=\"widget\" data-widget_type=\"shortcode.default\">\n\t\t\t\t<div class=\"elementor-widget-container\">\n\t\t\t\t\t\t\t<div class=\"elementor-shortcode\">[wpforms id=\"1510\"]<\/div>\n\t\t\t\t\t\t<\/div>\n\t\t\t\t<\/div>\n\t\t\t\t\t<\/div>\n\t\t<\/div>\n\t\t\t\t\t<\/div>\n\t\t<\/section>\n\t\t\t\t<\/div>\n\t\t","protected":false},"excerpt":{"rendered":"<p>Contact Vous ne trouvez pas votre r\u00e9ponse ? Notre service client est disponible pour r\u00e9pondre \u00e0 toutes vos interrogations. Contactez notre service client pour toutes questions concernant nos produits, votre commande, votre livraison ou une assistance technique li\u00e9e au site internet. Notre service client vous r\u00e9pondra en moins de 24 h. [wpforms id=\u00a0\u00bb1510&Prime;]<\/p>\n","protected":false},"author":8,"featured_media":0,"parent":0,"menu_order":0,"comment_status":"closed","ping_status":"closed","template":"template-builder.php","meta":{"_acf_changed":false,"footnotes":""},"class_list":["post-609","page","type-page","status-publish","hentry"],"acf":[],"yoast_head":"<!-- This site is optimized with the Yoast SEO plugin v27.4 - https:\/\/yoast.com\/product\/yoast-seo-wordpress\/ -->\n<title>Contact - 3DOTS PARIS<\/title>\n<meta name=\"description\" content=\"Notre service client est disponible pour r\u00e9pondre \u00e0 toutes vos interrogations. Notre service client vous r\u00e9pondra en moins de 24 h.\" \/>\n<meta name=\"robots\" content=\"index, follow, max-snippet:-1, max-image-preview:large, max-video-preview:-1\" \/>\n<link rel=\"canonical\" href=\"https:\/\/3dotsparis.com\/en\/contact\/\" \/>\n<meta property=\"og:locale\" content=\"en_US\" \/>\n<meta property=\"og:type\" content=\"article\" \/>\n<meta property=\"og:title\" content=\"Contact - 3DOTS PARIS\" \/>\n<meta property=\"og:description\" content=\"Notre service client est disponible pour r\u00e9pondre \u00e0 toutes vos interrogations. Notre service client vous r\u00e9pondra en moins de 24 h.\" \/>\n<meta property=\"og:url\" content=\"https:\/\/3dotsparis.com\/en\/contact\/\" \/>\n<meta property=\"og:site_name\" content=\"3DOTS PARIS\" \/>\n<meta property=\"article:modified_time\" content=\"2024-08-17T10:59:02+00:00\" \/>\n<meta name=\"twitter:card\" content=\"summary_large_image\" \/>\n<meta name=\"twitter:label1\" content=\"Est. reading time\" \/>\n\t<meta name=\"twitter:data1\" content=\"1 minute\" \/>\n<script type=\"application\/ld+json\" class=\"yoast-schema-graph\">{\"@context\":\"https:\\\/\\\/schema.org\",\"@graph\":[{\"@type\":\"WebPage\",\"@id\":\"https:\\\/\\\/3dotsparis.com\\\/contact\\\/\",\"url\":\"https:\\\/\\\/3dotsparis.com\\\/contact\\\/\",\"name\":\"Contact - 3DOTS PARIS\",\"isPartOf\":{\"@id\":\"https:\\\/\\\/3dotsparis.com\\\/#website\"},\"datePublished\":\"2021-09-11T04:33:28+00:00\",\"dateModified\":\"2024-08-17T10:59:02+00:00\",\"description\":\"Notre service client est disponible pour r\u00e9pondre \u00e0 toutes vos interrogations. Notre service client vous r\u00e9pondra en moins de 24 h.\",\"breadcrumb\":{\"@id\":\"https:\\\/\\\/3dotsparis.com\\\/contact\\\/#breadcrumb\"},\"inLanguage\":\"en-US\",\"potentialAction\":[{\"@type\":\"ReadAction\",\"target\":[\"https:\\\/\\\/3dotsparis.com\\\/contact\\\/\"]}]},{\"@type\":\"BreadcrumbList\",\"@id\":\"https:\\\/\\\/3dotsparis.com\\\/contact\\\/#breadcrumb\",\"itemListElement\":[{\"@type\":\"ListItem\",\"position\":1,\"name\":\"Accueil\",\"item\":\"https:\\\/\\\/3dotsparis.com\\\/\"},{\"@type\":\"ListItem\",\"position\":2,\"name\":\"Contact\"}]},{\"@type\":\"WebSite\",\"@id\":\"https:\\\/\\\/3dotsparis.com\\\/#website\",\"url\":\"https:\\\/\\\/3dotsparis.com\\\/\",\"name\":\"3DOTS PARIS\",\"description\":\"\",\"publisher\":{\"@id\":\"https:\\\/\\\/3dotsparis.com\\\/#organization\"},\"potentialAction\":[{\"@type\":\"SearchAction\",\"target\":{\"@type\":\"EntryPoint\",\"urlTemplate\":\"https:\\\/\\\/3dotsparis.com\\\/?s={search_term_string}\"},\"query-input\":{\"@type\":\"PropertyValueSpecification\",\"valueRequired\":true,\"valueName\":\"search_term_string\"}}],\"inLanguage\":\"en-US\"},{\"@type\":\"Organization\",\"@id\":\"https:\\\/\\\/3dotsparis.com\\\/#organization\",\"name\":\"3DOTS PARIS\",\"url\":\"https:\\\/\\\/3dotsparis.com\\\/\",\"logo\":{\"@type\":\"ImageObject\",\"inLanguage\":\"en-US\",\"@id\":\"https:\\\/\\\/3dotsparis.com\\\/#\\\/schema\\\/logo\\\/image\\\/\",\"url\":\"https:\\\/\\\/3dotsparis.com\\\/wp-content\\\/uploads\\\/2021\\\/04\\\/INPI-3DOTS-LOGO-OFFICIEL-valide.png\",\"contentUrl\":\"https:\\\/\\\/3dotsparis.com\\\/wp-content\\\/uploads\\\/2021\\\/04\\\/INPI-3DOTS-LOGO-OFFICIEL-valide.png\",\"width\":1024,\"height\":1024,\"caption\":\"3DOTS PARIS\"},\"image\":{\"@id\":\"https:\\\/\\\/3dotsparis.com\\\/#\\\/schema\\\/logo\\\/image\\\/\"}}]}<\/script>\n<!-- \/ Yoast SEO plugin. -->","yoast_head_json":{"title":"Contact - 3DOTS PARIS","description":"Notre service client est disponible pour r\u00e9pondre \u00e0 toutes vos interrogations. Notre service client vous r\u00e9pondra en moins de 24 h.","robots":{"index":"index","follow":"follow","max-snippet":"max-snippet:-1","max-image-preview":"max-image-preview:large","max-video-preview":"max-video-preview:-1"},"canonical":"https:\/\/3dotsparis.com\/en\/contact\/","og_locale":"en_US","og_type":"article","og_title":"Contact - 3DOTS PARIS","og_description":"Notre service client est disponible pour r\u00e9pondre \u00e0 toutes vos interrogations. Notre service client vous r\u00e9pondra en moins de 24 h.","og_url":"https:\/\/3dotsparis.com\/en\/contact\/","og_site_name":"3DOTS PARIS","article_modified_time":"2024-08-17T10:59:02+00:00","twitter_card":"summary_large_image","twitter_misc":{"Est. reading time":"1 minute"},"schema":{"@context":"https:\/\/schema.org","@graph":[{"@type":"WebPage","@id":"https:\/\/3dotsparis.com\/contact\/","url":"https:\/\/3dotsparis.com\/contact\/","name":"Contact - 3DOTS PARIS","isPartOf":{"@id":"https:\/\/3dotsparis.com\/#website"},"datePublished":"2021-09-11T04:33:28+00:00","dateModified":"2024-08-17T10:59:02+00:00","description":"Notre service client est disponible pour r\u00e9pondre \u00e0 toutes vos interrogations. Notre service client vous r\u00e9pondra en moins de 24 h.","breadcrumb":{"@id":"https:\/\/3dotsparis.com\/contact\/#breadcrumb"},"inLanguage":"en-US","potentialAction":[{"@type":"ReadAction","target":["https:\/\/3dotsparis.com\/contact\/"]}]},{"@type":"BreadcrumbList","@id":"https:\/\/3dotsparis.com\/contact\/#breadcrumb","itemListElement":[{"@type":"ListItem","position":1,"name":"Accueil","item":"https:\/\/3dotsparis.com\/"},{"@type":"ListItem","position":2,"name":"Contact"}]},{"@type":"WebSite","@id":"https:\/\/3dotsparis.com\/#website","url":"https:\/\/3dotsparis.com\/","name":"3DOTS PARIS","description":"","publisher":{"@id":"https:\/\/3dotsparis.com\/#organization"},"potentialAction":[{"@type":"SearchAction","target":{"@type":"EntryPoint","urlTemplate":"https:\/\/3dotsparis.com\/?s={search_term_string}"},"query-input":{"@type":"PropertyValueSpecification","valueRequired":true,"valueName":"search_term_string"}}],"inLanguage":"en-US"},{"@type":"Organization","@id":"https:\/\/3dotsparis.com\/#organization","name":"3DOTS PARIS","url":"https:\/\/3dotsparis.com\/","logo":{"@type":"ImageObject","inLanguage":"en-US","@id":"https:\/\/3dotsparis.com\/#\/schema\/logo\/image\/","url":"https:\/\/3dotsparis.com\/wp-content\/uploads\/2021\/04\/INPI-3DOTS-LOGO-OFFICIEL-valide.png","contentUrl":"https:\/\/3dotsparis.com\/wp-content\/uploads\/2021\/04\/INPI-3DOTS-LOGO-OFFICIEL-valide.png","width":1024,"height":1024,"caption":"3DOTS PARIS"},"image":{"@id":"https:\/\/3dotsparis.com\/#\/schema\/logo\/image\/"}}]}},"_links":{"self":[{"href":"https:\/\/3dotsparis.com\/en\/wp-json\/wp\/v2\/pages\/609","targetHints":{"allow":["GET"]}}],"collection":[{"href":"https:\/\/3dotsparis.com\/en\/wp-json\/wp\/v2\/pages"}],"about":[{"href":"https:\/\/3dotsparis.com\/en\/wp-json\/wp\/v2\/types\/page"}],"author":[{"embeddable":true,"href":"https:\/\/3dotsparis.com\/en\/wp-json\/wp\/v2\/users\/8"}],"replies":[{"embeddable":true,"href":"https:\/\/3dotsparis.com\/en\/wp-json\/wp\/v2\/comments?post=609"}],"version-history":[{"count":74,"href":"https:\/\/3dotsparis.com\/en\/wp-json\/wp\/v2\/pages\/609\/revisions"}],"predecessor-version":[{"id":3136,"href":"https:\/\/3dotsparis.com\/en\/wp-json\/wp\/v2\/pages\/609\/revisions\/3136"}],"wp:attachment":[{"href":"https:\/\/3dotsparis.com\/en\/wp-json\/wp\/v2\/media?parent=609"}],"curies":[{"name":"wp","href":"https:\/\/api.w.org\/{rel}","templated":true}]}}