{"id":1280,"date":"2021-09-11T22:35:10","date_gmt":"2021-09-11T20:35:10","guid":{"rendered":"https:\/\/3dotsparis.com\/?page_id=1280"},"modified":"2024-05-06T13:49:26","modified_gmt":"2024-05-06T11:49:26","slug":"conditions-generales-utilisation","status":"publish","type":"page","link":"https:\/\/3dotsparis.com\/en\/conditions-generales-utilisation\/","title":{"rendered":"GCU"},"content":{"rendered":"<p><strong>General conditions of use of the site 3dotsparis.com<\/strong><\/p>\n<p><strong>Preamble\u00a0<\/strong><\/p>\n<p>These general conditions of use are concluded between:<\/p>\n<p>- the manager of the website, hereinafter referred to as \"the Publisher\",<\/p>\n<p>- any person wishing to access the site and its services, hereinafter referred to as \"the User\".<\/p>\n<p><strong>Article 1 - Principles<\/strong><\/p>\n<p>The purpose of these general conditions of use is to provide a legal framework for the use of the site\u00a0<a href=\"https:\/\/3dotsparis.com\/en\/\">3dotsparis.com<\/a>\u00a0and its services.<\/p>\n<p>The website 3dotsparis.com is a service for the sale of goods on the internet subject to regulations identical to that of distance selling or mail order.<\/p>\n<p>The general conditions of use must be accepted by all Users, and their access to the site constitutes acceptance of these conditions.<\/p>\n<p><strong>Article 2 - Evolution and duration of the GCU<\/strong><\/p>\n<p>These general conditions of use are concluded for an indefinite period. The contract becomes effective with regard to the User from the start of use of the service.<\/p>\n<p>The site\u00a0<a href=\"https:\/\/3dotsparis.com\/en\/\">3dotsparis.com<\/a>\u00a0reserves the right to modify the clauses of these general conditions of use at any time and without justification.<\/p>\n<p><strong>Article 3 - Access to the site<\/strong><\/p>\n<p>Any User with internet access can access the site for free and from anywhere\u00a0<a href=\"https:\/\/3dotsparis.com\/en\/\">3dotsparis.com<\/a>. The costs incurred by the User to access it (internet connection, computer equipment, etc.) are not the responsibility of the Publisher.<\/p>\n<p>The site and its various services may be interrupted or suspended by the Publisher, in particular during maintenance, without notice or justification.<\/p>\n<p>The Site User has access to the following services: clothing and ready-to-wear accessories.<\/p>\n<p><strong>Article 4 - Responsibilities\u00a0<\/strong><\/p>\n<p>The Publisher cannot be held liable in the event of failure, breakdown, difficulty or interruption of operation, preventing access to the site or to one of its functions.<\/p>\n<p>The connection material to the site used is the sole responsibility of the User, who must take all appropriate measures to protect the material and data, in particular from viral attacks via the Internet. The user is also solely responsible for the sites and data he consults.<\/p>\n<p>The Publisher cannot be held responsible in the event of legal proceedings against the User :<\/p>\n<p>- due to use of the site or any accessible service\u00a0<em>via<\/em>\u00a0Internet ;<\/p>\n<p>- due to non-compliance by the User with these general conditions.<\/p>\n<p>The Publisher is not responsible for any damage caused to the User, to third parties and \/ or to the User's equipment as a result of his connection or use of the site and the User waives any action against the Editor of this fact.<\/p>\n<p>If the Publisher were to be the subject of an amicable or legal procedure because of the use of the site by the User, he may turn against him to obtain compensation for all damages, sums, convictions and costs that could result from this procedure.<\/p>\n<p><strong>Article 5 - Intellectual property<\/strong><\/p>\n<p>All technical documents, products, photographs, texts, logos, drawings, videos, etc., are subject to copyright and are protected by the Intellectual Property Code. When they are given to our customers, they remain the exclusive property of 3DOTS PARIS, the sole holder of the intellectual property rights on these documents, which must be returned to it at its request.<\/p>\n<p>Our customers undertake not to make any use of these documents, likely to infringe the industrial or intellectual property rights of the supplier and undertake not to disclose them to any third party, except with an express prior authorization given by the Editor.<\/p>\n<p><strong>Article 6 - Hypertext links<\/strong><\/p>\n<p>La mise en place par l\u2019Utilisateur de tous liens hypertextes vers tout ou partie du site est strictement interdite, sauf autorisation pr\u00e9alable et \u00e9crite de l\u2019\u00c9diteur, sollicit\u00e9e par courriel.<\/p>\n<p>The Publisher is free to refuse this authorization without having to justify its decision in any way. In the event that the Publisher grants its authorization, it is in any case only temporary and may be withdrawn at any time, without any obligation to provide justification for the Publisher.<\/p>\n<p>In all cases, any link must be removed at the request of the Publisher.<\/p>\n<p>Any accessible information\u00a0<em>via<\/em>\u00a0a link to other sites is not under the control of the Publisher, who is not responsible for their content.<\/p>\n<p><strong>Article 7 - Protection of personal data<\/strong><\/p>\n<p><strong>Data collected\u00a0<\/strong><\/p>\n<p>The personal data collected on this site are as follows:<\/p>\n<p><strong>- account opening :\u00a0<\/strong>when creating the user account: name; first name; email address ; Phone Number ; address ;<\/p>\n<p><strong>- connection :\u00a0<\/strong>when the user connects to the website, the latter records, in particular, his name, first name, connection, use, location and payment data;<\/p>\n<p><strong>- profile:\u00a0<\/strong>the use of the services provided on the website makes it possible to complete a profile, which may include an address and a telephone number ;<\/p>\n<p><strong>- payment :\u00a0<\/strong>as part of the payment for products and services offered on the website, it records financial data relating to the user's bank account or credit card;<\/p>\n<p><strong>- communication:\u00a0<\/strong>when the website is used to communicate with other members, data relating to user communications is temporarily stored ;<\/p>\n<p><strong>\u2013 cookies :<\/strong>\u00a0cookies are used in connection with the use of the site. The user has the option of deactivating cookies from their browser settings.<\/p>\n<p><strong>Use of personal data\u00a0<\/strong><\/p>\n<p>The personal data collected from users is intended to provide the services of the website, to improve them and to maintain a secure environment. More specifically, the uses are as follows:<\/p>\n<p>- access and use of the website by the user ;<\/p>\n<p>- management of the operation and optimization of the website ;<\/p>\n<p>- organization of the conditions of use of the Payment Services ;<\/p>\n<p>- verification, identification and authentication of data transmitted by the user;<\/p>\n<p>- offering the user the possibility of communicating with other users of the website ;<\/p>\n<p>- implementation of user assistance ;<\/p>\n<p>- personalization of services by displaying advertisements based on the user's browsing history, according to their preferences ;<\/p>\n<p>- prevention and detection of fraud, malware (malicious software) and management of security incidents ;<\/p>\n<p>- management of any disputes with users ;<\/p>\n<p>- sending commercial and advertising information, based on user preferences.<\/p>\n<p><strong>Sharing personal data with third parties<\/strong><\/p>\n<p>Personal data may be shared with third-party companies in the following cases :<\/p>\n<p>- when the User uses payment services, for the implementation of these services, the website is in contact with third-party banking and financial companies with which it has entered into contracts ;<\/p>\n<p>- when the User publishes publicly accessible information in the free comment areas of the website;<\/p>\n<p>- when the User authorizes the website of a third party to access his data ;<\/p>\n<p>- when the website uses the services of providers to provide user support, advertising and payment services. These service providers have limited access to user data, as part of the performance of these services, and have a contractual obligation to use them in accordance with the provisions of the applicable data protection regulations. staff ;<\/p>\n<p>- if required by law, the website may transmit data to respond to complaints against the website and comply with administrative and legal procedures ;<\/p>\n<p>- if the website is involved in a merger, acquisition, transfer of assets or bankruptcy proceedings, it may have to transfer or share all or part of its assets, including personal data. In this case, users would be informed, before personal data is transferred to a third party.<\/p>\n<p><strong>Security and confidentiality<\/strong><\/p>\n<p>The website implements organizational, technical, software and physical digital security measures to protect personal data against alteration, destruction and unauthorized access. However, it should be noted that the internet is not a completely secure environment and the website cannot guarantee the security of the transmission or storage of information on the internet.<\/p>\n<p><strong>Implementation of user rights<\/strong><\/p>\n<p>En application de la r\u00e9glementation applicable aux donn\u00e9es \u00e0 caract\u00e8re personnel, les utilisateurs disposent des droits suivants, qu\u2019ils peuvent exercer en faisant leur demande.<\/p>\n<ul>\n<li>the right of access: they can exercise their right of access, to know the personal data concerning them. In this case, before the implementation of this right, the website may request proof of the user's identity in order to verify its accuracy.<\/li>\n<li>the right of rectification: if the personal data held by the website are inaccurate, they may request the updating of the information.<\/li>\n<li>the right to delete data: users can request the deletion of their personal data, in accordance with applicable data protection laws.<\/li>\n<li>the right to limit processing: users can ask the website to limit the processing of personal data in accordance with the assumptions provided for by the GDPR.<\/li>\n<li>the right to object to data processing : users can object to their data being processed in accordance with the assumptions provided for by the GDPR.<\/li>\n<li>the right to portability: they can request that the website provide them with the personal data provided to them in order to transmit them to a new website.<\/li>\n<\/ul>\n<p><strong>Evolution of this clause<\/strong><\/p>\n<p>The website reserves the right to make any modification to this clause relating to the protection of personal data at any time. If a change is made to this personal data protection clause, the website undertakes to publish the new version on its website. The website will also notify users of the modification by e-mail, at least 15 days before the effective date. If the user does not agree with the terms of the new wording of the personal data protection clause, he has the option of deleting his account.<\/p>\n<p><strong>Article 8\u00a0 \u2013 Cookies<\/strong><\/p>\n<p>The 3dotsparis.com site can automatically collect standard information. All information collected indirectly will only be used to monitor the volume, type and configuration of traffic using this site, to develop its design and layout and for other administrative and planning purposes and more generally to improve the service we offer you.<\/p>\n<p><strong>Article 9 - Applicable law<\/strong><\/p>\n<p>These general conditions of use are subject to the application of French law.<\/p>\n<p>If the parties are unable to resolve a dispute amicably, the dispute will be subject to the jurisdiction of the French courts.<\/p>","protected":false},"excerpt":{"rendered":"<p>Conditions g\u00e9n\u00e9rales d\u2019utilisation du site\u00a03dotsparis.com Pr\u00e9ambule\u00a0 Les pr\u00e9sentes conditions g\u00e9n\u00e9rales d\u2019utilisation sont\u00a0conclues entre : \u2013 le g\u00e9rant du site internet, ci-apr\u00e8s d\u00e9sign\u00e9 \u00ab\u00a0l\u2019\u00c9diteur\u00a0\u00bb, \u2013 toute personne souhaitant acc\u00e9der au site et \u00e0 ses services, ci-apr\u00e8s appel\u00e9 \u00ab\u00a0l\u2019Utilisateur\u00a0\u00bb. Article 1 \u2013 Principes Les pr\u00e9sentes conditions g\u00e9n\u00e9rales d\u2019utilisation\u00a0ont pour objet l\u2019encadrement juridique de l\u2019utilisation du site\u00a03dotsparis.com\u00a0et de [&hellip;]<\/p>\n","protected":false},"author":8,"featured_media":0,"parent":0,"menu_order":0,"comment_status":"closed","ping_status":"closed","template":"template-compact.php","meta":{"_acf_changed":false,"footnotes":""},"class_list":["post-1280","page","type-page","status-publish","hentry"],"acf":[],"yoast_head":"<!-- This site is optimized with the Yoast SEO plugin v27.3 - https:\/\/yoast.com\/product\/yoast-seo-wordpress\/ -->\n<title>CGU - 3DOTS PARIS<\/title>\n<meta name=\"description\" content=\"Les pr\u00e9sentes conditions g\u00e9n\u00e9rales d\u2019utilisation ont pour objet l\u2019encadrement juridique de l\u2019utilisation du site 3dotsparis.com.\" \/>\n<meta name=\"robots\" content=\"index, follow, max-snippet:-1, max-image-preview:large, max-video-preview:-1\" \/>\n<link rel=\"canonical\" href=\"https:\/\/3dotsparis.com\/en\/conditions-generales-utilisation\/\" \/>\n<meta property=\"og:locale\" content=\"en_US\" \/>\n<meta property=\"og:type\" content=\"article\" \/>\n<meta property=\"og:title\" content=\"CGU - 3DOTS PARIS\" \/>\n<meta property=\"og:description\" content=\"Les pr\u00e9sentes conditions g\u00e9n\u00e9rales d\u2019utilisation ont pour objet l\u2019encadrement juridique de l\u2019utilisation du site 3dotsparis.com.\" \/>\n<meta property=\"og:url\" content=\"https:\/\/3dotsparis.com\/en\/conditions-generales-utilisation\/\" \/>\n<meta property=\"og:site_name\" content=\"3DOTS PARIS\" \/>\n<meta property=\"article:modified_time\" content=\"2024-05-06T11:49:26+00:00\" \/>\n<meta name=\"twitter:card\" content=\"summary_large_image\" \/>\n<meta name=\"twitter:label1\" content=\"Est. reading time\" \/>\n\t<meta name=\"twitter:data1\" content=\"8 minutes\" \/>\n<script type=\"application\/ld+json\" class=\"yoast-schema-graph\">{\"@context\":\"https:\\\/\\\/schema.org\",\"@graph\":[{\"@type\":\"WebPage\",\"@id\":\"https:\\\/\\\/3dotsparis.com\\\/conditions-generales-utilisation\\\/\",\"url\":\"https:\\\/\\\/3dotsparis.com\\\/conditions-generales-utilisation\\\/\",\"name\":\"CGU - 3DOTS PARIS\",\"isPartOf\":{\"@id\":\"https:\\\/\\\/3dotsparis.com\\\/#website\"},\"datePublished\":\"2021-09-11T20:35:10+00:00\",\"dateModified\":\"2024-05-06T11:49:26+00:00\",\"description\":\"Les pr\u00e9sentes conditions g\u00e9n\u00e9rales d\u2019utilisation ont pour objet l\u2019encadrement juridique de l\u2019utilisation du site 3dotsparis.com.\",\"breadcrumb\":{\"@id\":\"https:\\\/\\\/3dotsparis.com\\\/conditions-generales-utilisation\\\/#breadcrumb\"},\"inLanguage\":\"en-US\",\"potentialAction\":[{\"@type\":\"ReadAction\",\"target\":[\"https:\\\/\\\/3dotsparis.com\\\/conditions-generales-utilisation\\\/\"]}]},{\"@type\":\"BreadcrumbList\",\"@id\":\"https:\\\/\\\/3dotsparis.com\\\/conditions-generales-utilisation\\\/#breadcrumb\",\"itemListElement\":[{\"@type\":\"ListItem\",\"position\":1,\"name\":\"Accueil\",\"item\":\"https:\\\/\\\/3dotsparis.com\\\/\"},{\"@type\":\"ListItem\",\"position\":2,\"name\":\"CGU\"}]},{\"@type\":\"WebSite\",\"@id\":\"https:\\\/\\\/3dotsparis.com\\\/#website\",\"url\":\"https:\\\/\\\/3dotsparis.com\\\/\",\"name\":\"3DOTS PARIS\",\"description\":\"\",\"publisher\":{\"@id\":\"https:\\\/\\\/3dotsparis.com\\\/#organization\"},\"potentialAction\":[{\"@type\":\"SearchAction\",\"target\":{\"@type\":\"EntryPoint\",\"urlTemplate\":\"https:\\\/\\\/3dotsparis.com\\\/?s={search_term_string}\"},\"query-input\":{\"@type\":\"PropertyValueSpecification\",\"valueRequired\":true,\"valueName\":\"search_term_string\"}}],\"inLanguage\":\"en-US\"},{\"@type\":\"Organization\",\"@id\":\"https:\\\/\\\/3dotsparis.com\\\/#organization\",\"name\":\"3DOTS PARIS\",\"url\":\"https:\\\/\\\/3dotsparis.com\\\/\",\"logo\":{\"@type\":\"ImageObject\",\"inLanguage\":\"en-US\",\"@id\":\"https:\\\/\\\/3dotsparis.com\\\/#\\\/schema\\\/logo\\\/image\\\/\",\"url\":\"https:\\\/\\\/3dotsparis.com\\\/wp-content\\\/uploads\\\/2021\\\/04\\\/INPI-3DOTS-LOGO-OFFICIEL-valide.png\",\"contentUrl\":\"https:\\\/\\\/3dotsparis.com\\\/wp-content\\\/uploads\\\/2021\\\/04\\\/INPI-3DOTS-LOGO-OFFICIEL-valide.png\",\"width\":1024,\"height\":1024,\"caption\":\"3DOTS PARIS\"},\"image\":{\"@id\":\"https:\\\/\\\/3dotsparis.com\\\/#\\\/schema\\\/logo\\\/image\\\/\"}}]}<\/script>\n<!-- \/ Yoast SEO plugin. -->","yoast_head_json":{"title":"CGU - 3DOTS PARIS","description":"Les pr\u00e9sentes conditions g\u00e9n\u00e9rales d\u2019utilisation ont pour objet l\u2019encadrement juridique de l\u2019utilisation du site 3dotsparis.com.","robots":{"index":"index","follow":"follow","max-snippet":"max-snippet:-1","max-image-preview":"max-image-preview:large","max-video-preview":"max-video-preview:-1"},"canonical":"https:\/\/3dotsparis.com\/en\/conditions-generales-utilisation\/","og_locale":"en_US","og_type":"article","og_title":"CGU - 3DOTS PARIS","og_description":"Les pr\u00e9sentes conditions g\u00e9n\u00e9rales d\u2019utilisation ont pour objet l\u2019encadrement juridique de l\u2019utilisation du site 3dotsparis.com.","og_url":"https:\/\/3dotsparis.com\/en\/conditions-generales-utilisation\/","og_site_name":"3DOTS PARIS","article_modified_time":"2024-05-06T11:49:26+00:00","twitter_card":"summary_large_image","twitter_misc":{"Est. reading time":"8 minutes"},"schema":{"@context":"https:\/\/schema.org","@graph":[{"@type":"WebPage","@id":"https:\/\/3dotsparis.com\/conditions-generales-utilisation\/","url":"https:\/\/3dotsparis.com\/conditions-generales-utilisation\/","name":"CGU - 3DOTS PARIS","isPartOf":{"@id":"https:\/\/3dotsparis.com\/#website"},"datePublished":"2021-09-11T20:35:10+00:00","dateModified":"2024-05-06T11:49:26+00:00","description":"Les pr\u00e9sentes conditions g\u00e9n\u00e9rales d\u2019utilisation ont pour objet l\u2019encadrement juridique de l\u2019utilisation du site 3dotsparis.com.","breadcrumb":{"@id":"https:\/\/3dotsparis.com\/conditions-generales-utilisation\/#breadcrumb"},"inLanguage":"en-US","potentialAction":[{"@type":"ReadAction","target":["https:\/\/3dotsparis.com\/conditions-generales-utilisation\/"]}]},{"@type":"BreadcrumbList","@id":"https:\/\/3dotsparis.com\/conditions-generales-utilisation\/#breadcrumb","itemListElement":[{"@type":"ListItem","position":1,"name":"Accueil","item":"https:\/\/3dotsparis.com\/"},{"@type":"ListItem","position":2,"name":"CGU"}]},{"@type":"WebSite","@id":"https:\/\/3dotsparis.com\/#website","url":"https:\/\/3dotsparis.com\/","name":"3DOTS PARIS","description":"","publisher":{"@id":"https:\/\/3dotsparis.com\/#organization"},"potentialAction":[{"@type":"SearchAction","target":{"@type":"EntryPoint","urlTemplate":"https:\/\/3dotsparis.com\/?s={search_term_string}"},"query-input":{"@type":"PropertyValueSpecification","valueRequired":true,"valueName":"search_term_string"}}],"inLanguage":"en-US"},{"@type":"Organization","@id":"https:\/\/3dotsparis.com\/#organization","name":"3DOTS PARIS","url":"https:\/\/3dotsparis.com\/","logo":{"@type":"ImageObject","inLanguage":"en-US","@id":"https:\/\/3dotsparis.com\/#\/schema\/logo\/image\/","url":"https:\/\/3dotsparis.com\/wp-content\/uploads\/2021\/04\/INPI-3DOTS-LOGO-OFFICIEL-valide.png","contentUrl":"https:\/\/3dotsparis.com\/wp-content\/uploads\/2021\/04\/INPI-3DOTS-LOGO-OFFICIEL-valide.png","width":1024,"height":1024,"caption":"3DOTS PARIS"},"image":{"@id":"https:\/\/3dotsparis.com\/#\/schema\/logo\/image\/"}}]}},"_links":{"self":[{"href":"https:\/\/3dotsparis.com\/en\/wp-json\/wp\/v2\/pages\/1280","targetHints":{"allow":["GET"]}}],"collection":[{"href":"https:\/\/3dotsparis.com\/en\/wp-json\/wp\/v2\/pages"}],"about":[{"href":"https:\/\/3dotsparis.com\/en\/wp-json\/wp\/v2\/types\/page"}],"author":[{"embeddable":true,"href":"https:\/\/3dotsparis.com\/en\/wp-json\/wp\/v2\/users\/8"}],"replies":[{"embeddable":true,"href":"https:\/\/3dotsparis.com\/en\/wp-json\/wp\/v2\/comments?post=1280"}],"version-history":[{"count":19,"href":"https:\/\/3dotsparis.com\/en\/wp-json\/wp\/v2\/pages\/1280\/revisions"}],"predecessor-version":[{"id":3117,"href":"https:\/\/3dotsparis.com\/en\/wp-json\/wp\/v2\/pages\/1280\/revisions\/3117"}],"wp:attachment":[{"href":"https:\/\/3dotsparis.com\/en\/wp-json\/wp\/v2\/media?parent=1280"}],"curies":[{"name":"wp","href":"https:\/\/api.w.org\/{rel}","templated":true}]}}